{"id":532,"date":"2022-02-13T07:50:57","date_gmt":"2022-02-13T07:50:57","guid":{"rendered":"https:\/\/www.fluid.coop\/our-achievements\/notre-dame-de-paris\/"},"modified":"2022-02-13T07:50:57","modified_gmt":"2022-02-13T07:50:57","slug":"notre-dame-de-paris","status":"publish","type":"page","link":"https:\/\/www.fluid.coop\/en\/our-achievements\/notre-dame-de-paris\/","title":{"rendered":"Notre-Dame-de-Paris"},"content":{"rendered":"\t\t<div data-elementor-type=\"wp-page\" data-elementor-id=\"532\" class=\"elementor elementor-532 elementor-302\" data-elementor-post-type=\"page\">\n\t\t\t\t\t\t<section class=\"elementor-section elementor-top-section elementor-element elementor-element-7b7c5322 elementor-section-boxed elementor-section-height-default elementor-section-height-default\" data-id=\"7b7c5322\" data-element_type=\"section\">\n\t\t\t\t\t\t<div class=\"elementor-container elementor-column-gap-default\">\n\t\t\t\t\t<div class=\"elementor-column elementor-col-100 elementor-top-column elementor-element elementor-element-46b62af1\" data-id=\"46b62af1\" data-element_type=\"column\">\n\t\t\t<div class=\"elementor-widget-wrap elementor-element-populated\">\n\t\t\t\t\t\t<div class=\"elementor-element elementor-element-3d32bdc0 elementor-widget elementor-widget-heading\" data-id=\"3d32bdc0\" data-element_type=\"widget\" data-widget_type=\"heading.default\">\n\t\t\t\t<div class=\"elementor-widget-container\">\n\t\t\t\t\t<h2 class=\"elementor-heading-title elementor-size-default\">Notre-Dame de Paris<\/h2>\t\t\t\t<\/div>\n\t\t\t\t<\/div>\n\t\t\t\t<div class=\"elementor-element elementor-element-75f7c063 elementor-invisible elementor-widget elementor-widget-text-editor\" data-id=\"75f7c063\" data-element_type=\"widget\" data-settings=\"{&quot;_animation&quot;:&quot;fadeInDown&quot;}\" data-widget_type=\"text-editor.default\">\n\t\t\t\t<div class=\"elementor-widget-container\">\n\t\t\t\t\t\t\t\t\t<p>A huge, glowing gold rimmed warhead. This piece is the work of the Morbihan glassworks Flu\u00efd. Based in Palais, in Belle-\u00cele-en-Mer, for the past ten years, the company has designed numerous works of art. And in particular for the <a class=\"lien_interne\" href=\"https:\/\/www.notredamedeparis.fr\/\" target=\"_blank\" rel=\"noopener\">Notre-Dame de Paris cathedral<\/a>, in 2017.<\/p>\n<p>&#8220;<em><strong>The cathedral had contacted us to redo an identical lamp<\/strong><\/em>,&#8221; explains Caroline Le Barillec. This enormous piece of glass, weighing a few dozen kilograms, took the company several months from conception to completion. But on Monday April 15, 2019, upon hearing the news of the fire that ravaged the cathedral, the entire team was affected.<\/p>\n<p>&#8220;<strong><em>At the moment, we have interns who come from all over France<\/em><\/strong>&#8221; explains the partner at Flu\u00efd. &#8220;<em><strong>It was impressive to see how touched and shocked we were all at the situation<\/strong><\/em>&#8220;. The lamp would also have been spared from the flames.<\/p>\n<p>However, there was indeed some breakage in the cathedral. And Flu\u00efd is already volunteering to make new pieces if Notre-Dame de Paris calls on the company. &#8220;<em><strong>Obviously we will respond if they call on us.<\/strong><\/em>&#8220;<\/p>\n<p>Translated from French &#8211; Ouest-France, April 16, 2019.<\/p>\n\t\t\t\t\t\t\t\t<\/div>\n\t\t\t\t<\/div>\n\t\t\t\t<section class=\"elementor-section elementor-inner-section elementor-element elementor-element-6e0d488f elementor-section-boxed elementor-section-height-default elementor-section-height-default\" data-id=\"6e0d488f\" data-element_type=\"section\">\n\t\t\t\t\t\t<div class=\"elementor-container elementor-column-gap-default\">\n\t\t\t\t\t<div class=\"elementor-column elementor-col-50 elementor-inner-column elementor-element elementor-element-3de03bc0\" data-id=\"3de03bc0\" data-element_type=\"column\">\n\t\t\t<div class=\"elementor-widget-wrap elementor-element-populated\">\n\t\t\t\t\t\t<div class=\"elementor-element elementor-element-4f4233ec elementor-widget elementor-widget-image\" data-id=\"4f4233ec\" data-element_type=\"widget\" data-widget_type=\"image.default\">\n\t\t\t\t<div class=\"elementor-widget-container\">\n\t\t\t\t\t\t\t\t\t\t\t\t\t\t\t<img fetchpriority=\"high\" decoding=\"async\" width=\"382\" height=\"621\" src=\"https:\/\/www.fluid.coop\/wp-content\/uploads\/2022\/02\/Fluid_Notre_Dame_Paris_Lampe.jpg\" class=\"attachment-large size-large wp-image-523\" alt=\"Notre Dame de Paris\" srcset=\"https:\/\/www.fluid.coop\/wp-content\/uploads\/2022\/02\/Fluid_Notre_Dame_Paris_Lampe.jpg 382w, https:\/\/www.fluid.coop\/wp-content\/uploads\/2022\/02\/Fluid_Notre_Dame_Paris_Lampe-185x300.jpg 185w\" sizes=\"(max-width: 382px) 100vw, 382px\" \/>\t\t\t\t\t\t\t\t\t\t\t\t\t\t\t<\/div>\n\t\t\t\t<\/div>\n\t\t\t\t\t<\/div>\n\t\t<\/div>\n\t\t\t\t<div class=\"elementor-column elementor-col-50 elementor-inner-column elementor-element elementor-element-5eb8ec35\" data-id=\"5eb8ec35\" data-element_type=\"column\">\n\t\t\t<div class=\"elementor-widget-wrap elementor-element-populated\">\n\t\t\t\t\t\t<div class=\"elementor-element elementor-element-56d56222 elementor-widget elementor-widget-image\" data-id=\"56d56222\" data-element_type=\"widget\" data-widget_type=\"image.default\">\n\t\t\t\t<div class=\"elementor-widget-container\">\n\t\t\t\t\t\t\t\t\t\t\t\t\t\t\t<img decoding=\"async\" width=\"382\" height=\"621\" src=\"https:\/\/www.fluid.coop\/wp-content\/uploads\/2022\/02\/Fluid_Notre_Dame_Paris_Lampe_Atelier.jpg\" class=\"attachment-large size-large wp-image-525\" alt=\"\" srcset=\"https:\/\/www.fluid.coop\/wp-content\/uploads\/2022\/02\/Fluid_Notre_Dame_Paris_Lampe_Atelier.jpg 382w, https:\/\/www.fluid.coop\/wp-content\/uploads\/2022\/02\/Fluid_Notre_Dame_Paris_Lampe_Atelier-185x300.jpg 185w\" sizes=\"(max-width: 382px) 100vw, 382px\" \/>\t\t\t\t\t\t\t\t\t\t\t\t\t\t\t<\/div>\n\t\t\t\t<\/div>\n\t\t\t\t\t<\/div>\n\t\t<\/div>\n\t\t\t\t\t<\/div>\n\t\t<\/section>\n\t\t\t\t\t<\/div>\n\t\t<\/div>\n\t\t\t\t\t<\/div>\n\t\t<\/section>\n\t\t\t\t<\/div>\n\t\t","protected":false},"excerpt":{"rendered":"<p>Notre-Dame de Paris A huge, glowing gold rimmed warhead. This piece is the work of the Morbihan glassworks Flu\u00efd. Based in Palais, in Belle-\u00cele-en-Mer, for the past ten years, the company has designed numerous works of art. And in particular for the Notre-Dame de Paris cathedral, in 2017. &#8220;The cathedral had contacted us to redo [&hellip;]<\/p>\n","protected":false},"author":1,"featured_media":0,"parent":516,"menu_order":35,"comment_status":"closed","ping_status":"closed","template":"","meta":{"site-sidebar-layout":"no-sidebar","site-content-layout":"page-builder","ast-site-content-layout":"default","site-content-style":"default","site-sidebar-style":"default","ast-global-header-display":"","ast-banner-title-visibility":"","ast-main-header-display":"","ast-hfb-above-header-display":"","ast-hfb-below-header-display":"","ast-hfb-mobile-header-display":"","site-post-title":"disabled","ast-breadcrumbs-content":"","ast-featured-img":"disabled","footer-sml-layout":"","ast-disable-related-posts":"","theme-transparent-header-meta":"","adv-header-id-meta":"","stick-header-meta":"","header-above-stick-meta":"","header-main-stick-meta":"","header-below-stick-meta":"","astra-migrate-meta-layouts":"default","ast-page-background-enabled":"default","ast-page-background-meta":{"desktop":{"background-color":"var(--ast-global-color-4)","background-image":"","background-repeat":"repeat","background-position":"center center","background-size":"auto","background-attachment":"scroll","background-type":"","background-media":"","overlay-type":"","overlay-color":"","overlay-opacity":"","overlay-gradient":""},"tablet":{"background-color":"","background-image":"","background-repeat":"repeat","background-position":"center center","background-size":"auto","background-attachment":"scroll","background-type":"","background-media":"","overlay-type":"","overlay-color":"","overlay-opacity":"","overlay-gradient":""},"mobile":{"background-color":"","background-image":"","background-repeat":"repeat","background-position":"center center","background-size":"auto","background-attachment":"scroll","background-type":"","background-media":"","overlay-type":"","overlay-color":"","overlay-opacity":"","overlay-gradient":""}},"ast-content-background-meta":{"desktop":{"background-color":"var(--ast-global-color-5)","background-image":"","background-repeat":"repeat","background-position":"center center","background-size":"auto","background-attachment":"scroll","background-type":"","background-media":"","overlay-type":"","overlay-color":"","overlay-opacity":"","overlay-gradient":""},"tablet":{"background-color":"var(--ast-global-color-5)","background-image":"","background-repeat":"repeat","background-position":"center center","background-size":"auto","background-attachment":"scroll","background-type":"","background-media":"","overlay-type":"","overlay-color":"","overlay-opacity":"","overlay-gradient":""},"mobile":{"background-color":"var(--ast-global-color-5)","background-image":"","background-repeat":"repeat","background-position":"center center","background-size":"auto","background-attachment":"scroll","background-type":"","background-media":"","overlay-type":"","overlay-color":"","overlay-opacity":"","overlay-gradient":""}},"footnotes":""},"class_list":["post-532","page","type-page","status-publish","hentry"],"yoast_head":"<!-- This site is optimized with the Yoast SEO plugin v26.7 - https:\/\/yoast.com\/wordpress\/plugins\/seo\/ -->\n<title>Notre-Dame-de-Paris - Flu\u00efd, souffleurs de verre \u00e0 Belle-Ile-en-Mer<\/title>\n<meta name=\"robots\" content=\"index, follow, max-snippet:-1, max-image-preview:large, max-video-preview:-1\" \/>\n<link rel=\"canonical\" href=\"https:\/\/www.fluid.coop\/en\/our-achievements\/notre-dame-de-paris\/\" \/>\n<meta property=\"og:locale\" content=\"en_US\" \/>\n<meta property=\"og:type\" content=\"article\" \/>\n<meta property=\"og:title\" content=\"Notre-Dame-de-Paris - Flu\u00efd, souffleurs de verre \u00e0 Belle-Ile-en-Mer\" \/>\n<meta property=\"og:description\" content=\"Notre-Dame de Paris A huge, glowing gold rimmed warhead. This piece is the work of the Morbihan glassworks Flu\u00efd. Based in Palais, in Belle-\u00cele-en-Mer, for the past ten years, the company has designed numerous works of art. And in particular for the Notre-Dame de Paris cathedral, in 2017. &#8220;The cathedral had contacted us to redo [&hellip;]\" \/>\n<meta property=\"og:url\" content=\"https:\/\/www.fluid.coop\/en\/our-achievements\/notre-dame-de-paris\/\" \/>\n<meta property=\"og:site_name\" content=\"Flu\u00efd, souffleurs de verre \u00e0 Belle-Ile-en-Mer\" \/>\n<meta property=\"article:publisher\" content=\"https:\/\/www.facebook.com\/fluid.coop\" \/>\n<meta property=\"og:image\" content=\"https:\/\/www.fluid.coop\/wp-content\/uploads\/2022\/02\/Fluid_Notre_Dame_Paris_Lampe.jpg\" \/>\n\t<meta property=\"og:image:width\" content=\"382\" \/>\n\t<meta property=\"og:image:height\" content=\"621\" \/>\n\t<meta property=\"og:image:type\" content=\"image\/jpeg\" \/>\n<meta name=\"twitter:card\" content=\"summary_large_image\" \/>\n<meta name=\"twitter:label1\" content=\"Est. reading time\" \/>\n\t<meta name=\"twitter:data1\" content=\"1 minute\" \/>\n<script type=\"application\/ld+json\" class=\"yoast-schema-graph\">{\"@context\":\"https:\/\/schema.org\",\"@graph\":[{\"@type\":\"WebPage\",\"@id\":\"https:\/\/www.fluid.coop\/en\/our-achievements\/notre-dame-de-paris\/\",\"url\":\"https:\/\/www.fluid.coop\/en\/our-achievements\/notre-dame-de-paris\/\",\"name\":\"Notre-Dame-de-Paris - Flu\u00efd, souffleurs de verre \u00e0 Belle-Ile-en-Mer\",\"isPartOf\":{\"@id\":\"https:\/\/www.fluid.coop\/en\/#website\"},\"primaryImageOfPage\":{\"@id\":\"https:\/\/www.fluid.coop\/en\/our-achievements\/notre-dame-de-paris\/#primaryimage\"},\"image\":{\"@id\":\"https:\/\/www.fluid.coop\/en\/our-achievements\/notre-dame-de-paris\/#primaryimage\"},\"thumbnailUrl\":\"https:\/\/www.fluid.coop\/wp-content\/uploads\/2022\/02\/Fluid_Notre_Dame_Paris_Lampe.jpg\",\"datePublished\":\"2022-02-13T07:50:57+00:00\",\"breadcrumb\":{\"@id\":\"https:\/\/www.fluid.coop\/en\/our-achievements\/notre-dame-de-paris\/#breadcrumb\"},\"inLanguage\":\"en-US\",\"potentialAction\":[{\"@type\":\"ReadAction\",\"target\":[\"https:\/\/www.fluid.coop\/en\/our-achievements\/notre-dame-de-paris\/\"]}]},{\"@type\":\"ImageObject\",\"inLanguage\":\"en-US\",\"@id\":\"https:\/\/www.fluid.coop\/en\/our-achievements\/notre-dame-de-paris\/#primaryimage\",\"url\":\"https:\/\/www.fluid.coop\/wp-content\/uploads\/2022\/02\/Fluid_Notre_Dame_Paris_Lampe.jpg\",\"contentUrl\":\"https:\/\/www.fluid.coop\/wp-content\/uploads\/2022\/02\/Fluid_Notre_Dame_Paris_Lampe.jpg\"},{\"@type\":\"BreadcrumbList\",\"@id\":\"https:\/\/www.fluid.coop\/en\/our-achievements\/notre-dame-de-paris\/#breadcrumb\",\"itemListElement\":[{\"@type\":\"ListItem\",\"position\":1,\"name\":\"Accueil\",\"item\":\"https:\/\/www.fluid.coop\/en\/home\/\"},{\"@type\":\"ListItem\",\"position\":2,\"name\":\"Our achievements\",\"item\":\"https:\/\/www.fluid.coop\/en\/our-achievements\/\"},{\"@type\":\"ListItem\",\"position\":3,\"name\":\"Notre-Dame-de-Paris\"}]},{\"@type\":\"WebSite\",\"@id\":\"https:\/\/www.fluid.coop\/en\/#website\",\"url\":\"https:\/\/www.fluid.coop\/en\/\",\"name\":\"Flu\u00efd, souffleurs de verre \u00e0 Belle-\u00cele-en-Mer\",\"description\":\"\",\"publisher\":{\"@id\":\"https:\/\/www.fluid.coop\/en\/#organization\"},\"potentialAction\":[{\"@type\":\"SearchAction\",\"target\":{\"@type\":\"EntryPoint\",\"urlTemplate\":\"https:\/\/www.fluid.coop\/en\/?s={search_term_string}\"},\"query-input\":{\"@type\":\"PropertyValueSpecification\",\"valueRequired\":true,\"valueName\":\"search_term_string\"}}],\"inLanguage\":\"en-US\"},{\"@type\":\"Organization\",\"@id\":\"https:\/\/www.fluid.coop\/en\/#organization\",\"name\":\"Flu\u00efd, souffleurs de verre \u00e0 Belle-Ile-en-Mer\",\"url\":\"https:\/\/www.fluid.coop\/en\/\",\"logo\":{\"@type\":\"ImageObject\",\"inLanguage\":\"en-US\",\"@id\":\"https:\/\/www.fluid.coop\/en\/#\/schema\/logo\/image\/\",\"url\":\"https:\/\/www.fluid.coop\/wp-content\/uploads\/2022\/02\/logofluid.jpg\",\"contentUrl\":\"https:\/\/www.fluid.coop\/wp-content\/uploads\/2022\/02\/logofluid.jpg\",\"width\":1181,\"height\":1181,\"caption\":\"Flu\u00efd, souffleurs de verre \u00e0 Belle-Ile-en-Mer\"},\"image\":{\"@id\":\"https:\/\/www.fluid.coop\/en\/#\/schema\/logo\/image\/\"},\"sameAs\":[\"https:\/\/www.facebook.com\/fluid.coop\",\"https:\/\/www.instagram.com\/fluid.coop\/\"]}]}<\/script>\n<!-- \/ Yoast SEO plugin. -->","yoast_head_json":{"title":"Notre-Dame-de-Paris - Flu\u00efd, souffleurs de verre \u00e0 Belle-Ile-en-Mer","robots":{"index":"index","follow":"follow","max-snippet":"max-snippet:-1","max-image-preview":"max-image-preview:large","max-video-preview":"max-video-preview:-1"},"canonical":"https:\/\/www.fluid.coop\/en\/our-achievements\/notre-dame-de-paris\/","og_locale":"en_US","og_type":"article","og_title":"Notre-Dame-de-Paris - Flu\u00efd, souffleurs de verre \u00e0 Belle-Ile-en-Mer","og_description":"Notre-Dame de Paris A huge, glowing gold rimmed warhead. This piece is the work of the Morbihan glassworks Flu\u00efd. Based in Palais, in Belle-\u00cele-en-Mer, for the past ten years, the company has designed numerous works of art. And in particular for the Notre-Dame de Paris cathedral, in 2017. &#8220;The cathedral had contacted us to redo [&hellip;]","og_url":"https:\/\/www.fluid.coop\/en\/our-achievements\/notre-dame-de-paris\/","og_site_name":"Flu\u00efd, souffleurs de verre \u00e0 Belle-Ile-en-Mer","article_publisher":"https:\/\/www.facebook.com\/fluid.coop","og_image":[{"width":382,"height":621,"url":"https:\/\/www.fluid.coop\/wp-content\/uploads\/2022\/02\/Fluid_Notre_Dame_Paris_Lampe.jpg","type":"image\/jpeg"}],"twitter_card":"summary_large_image","twitter_misc":{"Est. reading time":"1 minute"},"schema":{"@context":"https:\/\/schema.org","@graph":[{"@type":"WebPage","@id":"https:\/\/www.fluid.coop\/en\/our-achievements\/notre-dame-de-paris\/","url":"https:\/\/www.fluid.coop\/en\/our-achievements\/notre-dame-de-paris\/","name":"Notre-Dame-de-Paris - Flu\u00efd, souffleurs de verre \u00e0 Belle-Ile-en-Mer","isPartOf":{"@id":"https:\/\/www.fluid.coop\/en\/#website"},"primaryImageOfPage":{"@id":"https:\/\/www.fluid.coop\/en\/our-achievements\/notre-dame-de-paris\/#primaryimage"},"image":{"@id":"https:\/\/www.fluid.coop\/en\/our-achievements\/notre-dame-de-paris\/#primaryimage"},"thumbnailUrl":"https:\/\/www.fluid.coop\/wp-content\/uploads\/2022\/02\/Fluid_Notre_Dame_Paris_Lampe.jpg","datePublished":"2022-02-13T07:50:57+00:00","breadcrumb":{"@id":"https:\/\/www.fluid.coop\/en\/our-achievements\/notre-dame-de-paris\/#breadcrumb"},"inLanguage":"en-US","potentialAction":[{"@type":"ReadAction","target":["https:\/\/www.fluid.coop\/en\/our-achievements\/notre-dame-de-paris\/"]}]},{"@type":"ImageObject","inLanguage":"en-US","@id":"https:\/\/www.fluid.coop\/en\/our-achievements\/notre-dame-de-paris\/#primaryimage","url":"https:\/\/www.fluid.coop\/wp-content\/uploads\/2022\/02\/Fluid_Notre_Dame_Paris_Lampe.jpg","contentUrl":"https:\/\/www.fluid.coop\/wp-content\/uploads\/2022\/02\/Fluid_Notre_Dame_Paris_Lampe.jpg"},{"@type":"BreadcrumbList","@id":"https:\/\/www.fluid.coop\/en\/our-achievements\/notre-dame-de-paris\/#breadcrumb","itemListElement":[{"@type":"ListItem","position":1,"name":"Accueil","item":"https:\/\/www.fluid.coop\/en\/home\/"},{"@type":"ListItem","position":2,"name":"Our achievements","item":"https:\/\/www.fluid.coop\/en\/our-achievements\/"},{"@type":"ListItem","position":3,"name":"Notre-Dame-de-Paris"}]},{"@type":"WebSite","@id":"https:\/\/www.fluid.coop\/en\/#website","url":"https:\/\/www.fluid.coop\/en\/","name":"Flu\u00efd, souffleurs de verre \u00e0 Belle-\u00cele-en-Mer","description":"","publisher":{"@id":"https:\/\/www.fluid.coop\/en\/#organization"},"potentialAction":[{"@type":"SearchAction","target":{"@type":"EntryPoint","urlTemplate":"https:\/\/www.fluid.coop\/en\/?s={search_term_string}"},"query-input":{"@type":"PropertyValueSpecification","valueRequired":true,"valueName":"search_term_string"}}],"inLanguage":"en-US"},{"@type":"Organization","@id":"https:\/\/www.fluid.coop\/en\/#organization","name":"Flu\u00efd, souffleurs de verre \u00e0 Belle-Ile-en-Mer","url":"https:\/\/www.fluid.coop\/en\/","logo":{"@type":"ImageObject","inLanguage":"en-US","@id":"https:\/\/www.fluid.coop\/en\/#\/schema\/logo\/image\/","url":"https:\/\/www.fluid.coop\/wp-content\/uploads\/2022\/02\/logofluid.jpg","contentUrl":"https:\/\/www.fluid.coop\/wp-content\/uploads\/2022\/02\/logofluid.jpg","width":1181,"height":1181,"caption":"Flu\u00efd, souffleurs de verre \u00e0 Belle-Ile-en-Mer"},"image":{"@id":"https:\/\/www.fluid.coop\/en\/#\/schema\/logo\/image\/"},"sameAs":["https:\/\/www.facebook.com\/fluid.coop","https:\/\/www.instagram.com\/fluid.coop\/"]}]}},"_links":{"self":[{"href":"https:\/\/www.fluid.coop\/en\/wp-json\/wp\/v2\/pages\/532","targetHints":{"allow":["GET"]}}],"collection":[{"href":"https:\/\/www.fluid.coop\/en\/wp-json\/wp\/v2\/pages"}],"about":[{"href":"https:\/\/www.fluid.coop\/en\/wp-json\/wp\/v2\/types\/page"}],"author":[{"embeddable":true,"href":"https:\/\/www.fluid.coop\/en\/wp-json\/wp\/v2\/users\/1"}],"replies":[{"embeddable":true,"href":"https:\/\/www.fluid.coop\/en\/wp-json\/wp\/v2\/comments?post=532"}],"version-history":[{"count":1,"href":"https:\/\/www.fluid.coop\/en\/wp-json\/wp\/v2\/pages\/532\/revisions"}],"predecessor-version":[{"id":533,"href":"https:\/\/www.fluid.coop\/en\/wp-json\/wp\/v2\/pages\/532\/revisions\/533"}],"up":[{"embeddable":true,"href":"https:\/\/www.fluid.coop\/en\/wp-json\/wp\/v2\/pages\/516"}],"wp:attachment":[{"href":"https:\/\/www.fluid.coop\/en\/wp-json\/wp\/v2\/media?parent=532"}],"curies":[{"name":"wp","href":"https:\/\/api.w.org\/{rel}","templated":true}]}}