{"id":1841,"date":"2022-02-13T08:24:03","date_gmt":"2022-02-23T12:23:30","guid":{"rendered":"https:\/\/www.fluid.coop\/produit\/abysses-hanging-lights\/"},"modified":"2024-11-29T10:26:56","modified_gmt":"2024-11-29T10:26:56","slug":"abysses-hanging-lights","status":"publish","type":"product","link":"https:\/\/www.fluid.coop\/en\/produit\/abysses-hanging-lights\/","title":{"rendered":"Abysse &#8211; Pendant lamp"},"content":{"rendered":"","protected":false},"excerpt":{"rendered":"<p>The &#8220;Abysse&#8221; pendant light is handmade and available in all the shades from our color chart. With its soft and slender curve, it offers a refined, graphic and poetic design with a resolutely contemporary style, which will easily adapt to your interior.<\/p>\n<p>Available individually or in trios, our Abysse pendant lights adapt to your project to beautify every room in the house according to your desires.<\/p>\n<p>Dimensions of the lampshade : \u00d8 \u224838 cm &#8211; H. \u224816 cm<\/p>\n<p>Electrical system supplied to CE standards supplied.<\/p>\n<p>For any tailor-made request, contact us on +33 (0)2 97 31 29 01 or by email : <a href=\"mailto:contact@fluid.coop\">contact@fluid.coop<\/a><\/p>\n<p>Choice of your composition :<\/p>\n","protected":false},"featured_media":3378,"comment_status":"closed","ping_status":"closed","template":"","meta":{"site-sidebar-layout":"default","site-content-layout":"default","ast-site-content-layout":"default","site-content-style":"default","site-sidebar-style":"default","ast-global-header-display":"","ast-banner-title-visibility":"","ast-main-header-display":"","ast-hfb-above-header-display":"","ast-hfb-below-header-display":"","ast-hfb-mobile-header-display":"","site-post-title":"","ast-breadcrumbs-content":"","ast-featured-img":"","footer-sml-layout":"","ast-disable-related-posts":"","theme-transparent-header-meta":"default","adv-header-id-meta":"","stick-header-meta":"","header-above-stick-meta":"","header-main-stick-meta":"","header-below-stick-meta":"","astra-migrate-meta-layouts":"default","ast-page-background-enabled":"default","ast-page-background-meta":{"desktop":{"background-color":"var(--ast-global-color-4)","background-image":"","background-repeat":"repeat","background-position":"center center","background-size":"auto","background-attachment":"scroll","background-type":"","background-media":"","overlay-type":"","overlay-color":"","overlay-opacity":"","overlay-gradient":""},"tablet":{"background-color":"","background-image":"","background-repeat":"repeat","background-position":"center center","background-size":"auto","background-attachment":"scroll","background-type":"","background-media":"","overlay-type":"","overlay-color":"","overlay-opacity":"","overlay-gradient":""},"mobile":{"background-color":"","background-image":"","background-repeat":"repeat","background-position":"center center","background-size":"auto","background-attachment":"scroll","background-type":"","background-media":"","overlay-type":"","overlay-color":"","overlay-opacity":"","overlay-gradient":""}},"ast-content-background-meta":{"desktop":{"background-color":"var(--ast-global-color-5)","background-image":"","background-repeat":"repeat","background-position":"center center","background-size":"auto","background-attachment":"scroll","background-type":"","background-media":"","overlay-type":"","overlay-color":"","overlay-opacity":"","overlay-gradient":""},"tablet":{"background-color":"var(--ast-global-color-5)","background-image":"","background-repeat":"repeat","background-position":"center center","background-size":"auto","background-attachment":"scroll","background-type":"","background-media":"","overlay-type":"","overlay-color":"","overlay-opacity":"","overlay-gradient":""},"mobile":{"background-color":"var(--ast-global-color-5)","background-image":"","background-repeat":"repeat","background-position":"center center","background-size":"auto","background-attachment":"scroll","background-type":"","background-media":"","overlay-type":"","overlay-color":"","overlay-opacity":"","overlay-gradient":""}}},"product_brand":[],"product_cat":[93],"product_tag":[],"class_list":{"0":"post-1841","1":"product","2":"type-product","3":"status-publish","4":"has-post-thumbnail","6":"product_cat-lights","7":"desktop-align-left","8":"tablet-align-left","9":"mobile-align-left","10":"wcpa_has_options","12":"first","13":"instock","14":"taxable","15":"shipping-taxable","16":"purchasable","17":"product-type-variable"},"yoast_head":"<!-- This site is optimized with the Yoast SEO plugin v26.7 - https:\/\/yoast.com\/wordpress\/plugins\/seo\/ -->\n<title>Abysse - Pendant lamp - Flu\u00efd, souffleurs de verre \u00e0 Belle-Ile-en-Mer<\/title>\n<meta name=\"robots\" content=\"index, follow, max-snippet:-1, max-image-preview:large, max-video-preview:-1\" \/>\n<link rel=\"canonical\" href=\"https:\/\/www.fluid.coop\/en\/produit\/abysses-hanging-lights\/\" \/>\n<meta property=\"og:locale\" content=\"en_US\" \/>\n<meta property=\"og:type\" content=\"article\" \/>\n<meta property=\"og:title\" content=\"Abysse - Pendant lamp - Flu\u00efd, souffleurs de verre \u00e0 Belle-Ile-en-Mer\" \/>\n<meta property=\"og:description\" content=\"The &quot;Abysse&quot; pendant light is handmade and available in all the shades from our color chart. With its soft and slender curve, it offers a refined, graphic and poetic design with a resolutely contemporary style, which will easily adapt to your interior. Available individually or in trios, our Abysse pendant lights adapt to your project to beautify every room in the house according to your desires. Dimensions of the lampshade : \u00d8 \u224838 cm - H. \u224816 cm Electrical system supplied to CE standards supplied. For any tailor-made request, contact us on +33 (0)2 97 31 29 01 or by email : contact@fluid.coop Choice of your composition :\" \/>\n<meta property=\"og:url\" content=\"https:\/\/www.fluid.coop\/en\/produit\/abysses-hanging-lights\/\" \/>\n<meta property=\"og:site_name\" content=\"Flu\u00efd, souffleurs de verre \u00e0 Belle-Ile-en-Mer\" \/>\n<meta property=\"article:publisher\" content=\"https:\/\/www.facebook.com\/fluid.coop\" \/>\n<meta property=\"article:modified_time\" content=\"2024-11-29T10:26:56+00:00\" \/>\n<meta property=\"og:image\" content=\"https:\/\/www.fluid.coop\/wp-content\/uploads\/2022\/02\/DSC02317.jpeg\" \/>\n\t<meta property=\"og:image:width\" content=\"854\" \/>\n\t<meta property=\"og:image:height\" content=\"1280\" \/>\n\t<meta property=\"og:image:type\" content=\"image\/jpeg\" \/>\n<meta name=\"twitter:card\" content=\"summary_large_image\" \/>\n<script type=\"application\/ld+json\" class=\"yoast-schema-graph\">{\"@context\":\"https:\/\/schema.org\",\"@graph\":[{\"@type\":\"WebPage\",\"@id\":\"https:\/\/www.fluid.coop\/en\/produit\/abysses-hanging-lights\/\",\"url\":\"https:\/\/www.fluid.coop\/en\/produit\/abysses-hanging-lights\/\",\"name\":\"Abysse - Pendant lamp - Flu\u00efd, souffleurs de verre \u00e0 Belle-Ile-en-Mer\",\"isPartOf\":{\"@id\":\"https:\/\/www.fluid.coop\/en\/#website\"},\"primaryImageOfPage\":{\"@id\":\"https:\/\/www.fluid.coop\/en\/produit\/abysses-hanging-lights\/#primaryimage\"},\"image\":{\"@id\":\"https:\/\/www.fluid.coop\/en\/produit\/abysses-hanging-lights\/#primaryimage\"},\"thumbnailUrl\":\"https:\/\/www.fluid.coop\/wp-content\/uploads\/2022\/02\/DSC02317.jpeg\",\"datePublished\":\"2022-02-23T12:23:30+00:00\",\"dateModified\":\"2024-11-29T10:26:56+00:00\",\"breadcrumb\":{\"@id\":\"https:\/\/www.fluid.coop\/en\/produit\/abysses-hanging-lights\/#breadcrumb\"},\"inLanguage\":\"en-US\",\"potentialAction\":[{\"@type\":\"ReadAction\",\"target\":[\"https:\/\/www.fluid.coop\/en\/produit\/abysses-hanging-lights\/\"]}]},{\"@type\":\"ImageObject\",\"inLanguage\":\"en-US\",\"@id\":\"https:\/\/www.fluid.coop\/en\/produit\/abysses-hanging-lights\/#primaryimage\",\"url\":\"https:\/\/www.fluid.coop\/wp-content\/uploads\/2022\/02\/DSC02317.jpeg\",\"contentUrl\":\"https:\/\/www.fluid.coop\/wp-content\/uploads\/2022\/02\/DSC02317.jpeg\",\"width\":854,\"height\":1280},{\"@type\":\"BreadcrumbList\",\"@id\":\"https:\/\/www.fluid.coop\/en\/produit\/abysses-hanging-lights\/#breadcrumb\",\"itemListElement\":[{\"@type\":\"ListItem\",\"position\":1,\"name\":\"Accueil\",\"item\":\"https:\/\/www.fluid.coop\/en\/home\/\"},{\"@type\":\"ListItem\",\"position\":2,\"name\":\"Produits\",\"item\":\"https:\/\/www.fluid.coop\/shop\/\"},{\"@type\":\"ListItem\",\"position\":3,\"name\":\"Abysse &#8211; Pendant lamp\"}]},{\"@type\":\"WebSite\",\"@id\":\"https:\/\/www.fluid.coop\/en\/#website\",\"url\":\"https:\/\/www.fluid.coop\/en\/\",\"name\":\"Flu\u00efd, souffleurs de verre \u00e0 Belle-\u00cele-en-Mer\",\"description\":\"\",\"publisher\":{\"@id\":\"https:\/\/www.fluid.coop\/en\/#organization\"},\"potentialAction\":[{\"@type\":\"SearchAction\",\"target\":{\"@type\":\"EntryPoint\",\"urlTemplate\":\"https:\/\/www.fluid.coop\/en\/?s={search_term_string}\"},\"query-input\":{\"@type\":\"PropertyValueSpecification\",\"valueRequired\":true,\"valueName\":\"search_term_string\"}}],\"inLanguage\":\"en-US\"},{\"@type\":\"Organization\",\"@id\":\"https:\/\/www.fluid.coop\/en\/#organization\",\"name\":\"Flu\u00efd, souffleurs de verre \u00e0 Belle-Ile-en-Mer\",\"url\":\"https:\/\/www.fluid.coop\/en\/\",\"logo\":{\"@type\":\"ImageObject\",\"inLanguage\":\"en-US\",\"@id\":\"https:\/\/www.fluid.coop\/en\/#\/schema\/logo\/image\/\",\"url\":\"https:\/\/www.fluid.coop\/wp-content\/uploads\/2022\/02\/logofluid.jpg\",\"contentUrl\":\"https:\/\/www.fluid.coop\/wp-content\/uploads\/2022\/02\/logofluid.jpg\",\"width\":1181,\"height\":1181,\"caption\":\"Flu\u00efd, souffleurs de verre \u00e0 Belle-Ile-en-Mer\"},\"image\":{\"@id\":\"https:\/\/www.fluid.coop\/en\/#\/schema\/logo\/image\/\"},\"sameAs\":[\"https:\/\/www.facebook.com\/fluid.coop\",\"https:\/\/www.instagram.com\/fluid.coop\/\"]}]}<\/script>\n<!-- \/ Yoast SEO plugin. -->","yoast_head_json":{"title":"Abysse - Pendant lamp - Flu\u00efd, souffleurs de verre \u00e0 Belle-Ile-en-Mer","robots":{"index":"index","follow":"follow","max-snippet":"max-snippet:-1","max-image-preview":"max-image-preview:large","max-video-preview":"max-video-preview:-1"},"canonical":"https:\/\/www.fluid.coop\/en\/produit\/abysses-hanging-lights\/","og_locale":"en_US","og_type":"article","og_title":"Abysse - Pendant lamp - Flu\u00efd, souffleurs de verre \u00e0 Belle-Ile-en-Mer","og_description":"The \"Abysse\" pendant light is handmade and available in all the shades from our color chart. With its soft and slender curve, it offers a refined, graphic and poetic design with a resolutely contemporary style, which will easily adapt to your interior. Available individually or in trios, our Abysse pendant lights adapt to your project to beautify every room in the house according to your desires. Dimensions of the lampshade : \u00d8 \u224838 cm - H. \u224816 cm Electrical system supplied to CE standards supplied. For any tailor-made request, contact us on +33 (0)2 97 31 29 01 or by email : contact@fluid.coop Choice of your composition :","og_url":"https:\/\/www.fluid.coop\/en\/produit\/abysses-hanging-lights\/","og_site_name":"Flu\u00efd, souffleurs de verre \u00e0 Belle-Ile-en-Mer","article_publisher":"https:\/\/www.facebook.com\/fluid.coop","article_modified_time":"2024-11-29T10:26:56+00:00","og_image":[{"width":854,"height":1280,"url":"https:\/\/www.fluid.coop\/wp-content\/uploads\/2022\/02\/DSC02317.jpeg","type":"image\/jpeg"}],"twitter_card":"summary_large_image","schema":{"@context":"https:\/\/schema.org","@graph":[{"@type":"WebPage","@id":"https:\/\/www.fluid.coop\/en\/produit\/abysses-hanging-lights\/","url":"https:\/\/www.fluid.coop\/en\/produit\/abysses-hanging-lights\/","name":"Abysse - Pendant lamp - Flu\u00efd, souffleurs de verre \u00e0 Belle-Ile-en-Mer","isPartOf":{"@id":"https:\/\/www.fluid.coop\/en\/#website"},"primaryImageOfPage":{"@id":"https:\/\/www.fluid.coop\/en\/produit\/abysses-hanging-lights\/#primaryimage"},"image":{"@id":"https:\/\/www.fluid.coop\/en\/produit\/abysses-hanging-lights\/#primaryimage"},"thumbnailUrl":"https:\/\/www.fluid.coop\/wp-content\/uploads\/2022\/02\/DSC02317.jpeg","datePublished":"2022-02-23T12:23:30+00:00","dateModified":"2024-11-29T10:26:56+00:00","breadcrumb":{"@id":"https:\/\/www.fluid.coop\/en\/produit\/abysses-hanging-lights\/#breadcrumb"},"inLanguage":"en-US","potentialAction":[{"@type":"ReadAction","target":["https:\/\/www.fluid.coop\/en\/produit\/abysses-hanging-lights\/"]}]},{"@type":"ImageObject","inLanguage":"en-US","@id":"https:\/\/www.fluid.coop\/en\/produit\/abysses-hanging-lights\/#primaryimage","url":"https:\/\/www.fluid.coop\/wp-content\/uploads\/2022\/02\/DSC02317.jpeg","contentUrl":"https:\/\/www.fluid.coop\/wp-content\/uploads\/2022\/02\/DSC02317.jpeg","width":854,"height":1280},{"@type":"BreadcrumbList","@id":"https:\/\/www.fluid.coop\/en\/produit\/abysses-hanging-lights\/#breadcrumb","itemListElement":[{"@type":"ListItem","position":1,"name":"Accueil","item":"https:\/\/www.fluid.coop\/en\/home\/"},{"@type":"ListItem","position":2,"name":"Produits","item":"https:\/\/www.fluid.coop\/shop\/"},{"@type":"ListItem","position":3,"name":"Abysse &#8211; Pendant lamp"}]},{"@type":"WebSite","@id":"https:\/\/www.fluid.coop\/en\/#website","url":"https:\/\/www.fluid.coop\/en\/","name":"Flu\u00efd, souffleurs de verre \u00e0 Belle-\u00cele-en-Mer","description":"","publisher":{"@id":"https:\/\/www.fluid.coop\/en\/#organization"},"potentialAction":[{"@type":"SearchAction","target":{"@type":"EntryPoint","urlTemplate":"https:\/\/www.fluid.coop\/en\/?s={search_term_string}"},"query-input":{"@type":"PropertyValueSpecification","valueRequired":true,"valueName":"search_term_string"}}],"inLanguage":"en-US"},{"@type":"Organization","@id":"https:\/\/www.fluid.coop\/en\/#organization","name":"Flu\u00efd, souffleurs de verre \u00e0 Belle-Ile-en-Mer","url":"https:\/\/www.fluid.coop\/en\/","logo":{"@type":"ImageObject","inLanguage":"en-US","@id":"https:\/\/www.fluid.coop\/en\/#\/schema\/logo\/image\/","url":"https:\/\/www.fluid.coop\/wp-content\/uploads\/2022\/02\/logofluid.jpg","contentUrl":"https:\/\/www.fluid.coop\/wp-content\/uploads\/2022\/02\/logofluid.jpg","width":1181,"height":1181,"caption":"Flu\u00efd, souffleurs de verre \u00e0 Belle-Ile-en-Mer"},"image":{"@id":"https:\/\/www.fluid.coop\/en\/#\/schema\/logo\/image\/"},"sameAs":["https:\/\/www.facebook.com\/fluid.coop","https:\/\/www.instagram.com\/fluid.coop\/"]}]}},"_links":{"self":[{"href":"https:\/\/www.fluid.coop\/en\/wp-json\/wp\/v2\/product\/1841","targetHints":{"allow":["GET"]}}],"collection":[{"href":"https:\/\/www.fluid.coop\/en\/wp-json\/wp\/v2\/product"}],"about":[{"href":"https:\/\/www.fluid.coop\/en\/wp-json\/wp\/v2\/types\/product"}],"replies":[{"embeddable":true,"href":"https:\/\/www.fluid.coop\/en\/wp-json\/wp\/v2\/comments?post=1841"}],"wp:featuredmedia":[{"embeddable":true,"href":"https:\/\/www.fluid.coop\/en\/wp-json\/wp\/v2\/media\/3378"}],"wp:attachment":[{"href":"https:\/\/www.fluid.coop\/en\/wp-json\/wp\/v2\/media?parent=1841"}],"wp:term":[{"taxonomy":"product_brand","embeddable":true,"href":"https:\/\/www.fluid.coop\/en\/wp-json\/wp\/v2\/product_brand?post=1841"},{"taxonomy":"product_cat","embeddable":true,"href":"https:\/\/www.fluid.coop\/en\/wp-json\/wp\/v2\/product_cat?post=1841"},{"taxonomy":"product_tag","embeddable":true,"href":"https:\/\/www.fluid.coop\/en\/wp-json\/wp\/v2\/product_tag?post=1841"}],"curies":[{"name":"wp","href":"https:\/\/api.w.org\/{rel}","templated":true}]}}