{"id":2371,"date":"2022-11-22T16:17:56","date_gmt":"2022-11-22T16:17:56","guid":{"rendered":"https:\/\/www.fluid.coop\/?post_type=product&#038;p=2371"},"modified":"2024-11-13T11:18:40","modified_gmt":"2024-11-13T11:18:40","slug":"bon-cadeau-fluid","status":"publish","type":"product","link":"https:\/\/www.fluid.coop\/en\/produit\/bon-cadeau-fluid\/","title":{"rendered":"Carte Cadeau Flu\u00efd"},"content":{"rendered":"","protected":false},"excerpt":{"rendered":"<p>La Carte Cadeau Flu\u00efd, la solution id\u00e9ale pour faire plaisir \u00e0 coup s\u00fbr !<\/p>\n<p>Avec la Carte Cadeau Flu\u00efd, vous ne pouvez pas vous tromper !\u00a0Faites plaisir \u00e0 vos proches en toutes occasions en leur offrant une carte cadeau\u00a0du montant de votre choix.<\/p>\n<p>La carte est jolie et valable 1 an \u00e0 compter de la date d&#8217;achat sur l&#8217;ensemble de nos collections, \u00e0 l&#8217;atelier ou en ligne !<\/p>\n<p>N&#8217;h\u00e9sitez plus ! Offrir une Carte Cadeau Flu\u00efd, c&#8217;est offrir \u00e0 votre famille ou \u00e0 vos ami(e)s la libert\u00e9 de choisir parmi toutes nos cr\u00e9ations, dans toutes les teintes de notre nuancier.<\/p>\n","protected":false},"featured_media":4033,"comment_status":"open","ping_status":"closed","template":"","meta":{"site-sidebar-layout":"default","site-content-layout":"default","ast-site-content-layout":"default","site-content-style":"default","site-sidebar-style":"default","ast-global-header-display":"","ast-banner-title-visibility":"","ast-main-header-display":"","ast-hfb-above-header-display":"","ast-hfb-below-header-display":"","ast-hfb-mobile-header-display":"","site-post-title":"","ast-breadcrumbs-content":"","ast-featured-img":"","footer-sml-layout":"","ast-disable-related-posts":"","theme-transparent-header-meta":"default","adv-header-id-meta":"","stick-header-meta":"","header-above-stick-meta":"","header-main-stick-meta":"","header-below-stick-meta":"","astra-migrate-meta-layouts":"set","ast-page-background-enabled":"default","ast-page-background-meta":{"desktop":{"background-color":"var(--ast-global-color-4)","background-image":"","background-repeat":"repeat","background-position":"center center","background-size":"auto","background-attachment":"scroll","background-type":"","background-media":"","overlay-type":"","overlay-color":"","overlay-opacity":"","overlay-gradient":""},"tablet":{"background-color":"","background-image":"","background-repeat":"repeat","background-position":"center center","background-size":"auto","background-attachment":"scroll","background-type":"","background-media":"","overlay-type":"","overlay-color":"","overlay-opacity":"","overlay-gradient":""},"mobile":{"background-color":"","background-image":"","background-repeat":"repeat","background-position":"center center","background-size":"auto","background-attachment":"scroll","background-type":"","background-media":"","overlay-type":"","overlay-color":"","overlay-opacity":"","overlay-gradient":""}},"ast-content-background-meta":{"desktop":{"background-color":"var(--ast-global-color-5)","background-image":"","background-repeat":"repeat","background-position":"center center","background-size":"auto","background-attachment":"scroll","background-type":"","background-media":"","overlay-type":"","overlay-color":"","overlay-opacity":"","overlay-gradient":""},"tablet":{"background-color":"var(--ast-global-color-5)","background-image":"","background-repeat":"repeat","background-position":"center center","background-size":"auto","background-attachment":"scroll","background-type":"","background-media":"","overlay-type":"","overlay-color":"","overlay-opacity":"","overlay-gradient":""},"mobile":{"background-color":"var(--ast-global-color-5)","background-image":"","background-repeat":"repeat","background-position":"center center","background-size":"auto","background-attachment":"scroll","background-type":"","background-media":"","overlay-type":"","overlay-color":"","overlay-opacity":"","overlay-gradient":""}}},"product_brand":[],"product_cat":[42],"product_tag":[],"class_list":{"0":"post-2371","1":"product","2":"type-product","3":"status-publish","4":"has-post-thumbnail","6":"product_cat-nouveautes","7":"product_shipping_class-lettre-simple","8":"desktop-align-left","9":"tablet-align-left","10":"mobile-align-left","12":"first","13":"instock","14":"taxable","15":"shipping-taxable","16":"purchasable","17":"product-type-variable"},"yoast_head":"<!-- This site is optimized with the Yoast SEO plugin v26.7 - https:\/\/yoast.com\/wordpress\/plugins\/seo\/ -->\n<title>Carte Cadeau Flu\u00efd - Flu\u00efd, souffleurs de verre \u00e0 Belle-Ile-en-Mer<\/title>\n<meta name=\"robots\" content=\"index, follow, max-snippet:-1, max-image-preview:large, max-video-preview:-1\" \/>\n<link rel=\"canonical\" href=\"https:\/\/www.fluid.coop\/produit\/bon-cadeau-fluid\/\" \/>\n<meta property=\"og:locale\" content=\"en_US\" \/>\n<meta property=\"og:type\" content=\"article\" \/>\n<meta property=\"og:title\" content=\"Carte Cadeau Flu\u00efd - Flu\u00efd, souffleurs de verre \u00e0 Belle-Ile-en-Mer\" \/>\n<meta property=\"og:description\" content=\"La Carte Cadeau Flu\u00efd, la solution id\u00e9ale pour faire plaisir \u00e0 coup s\u00fbr !  Avec la Carte Cadeau Flu\u00efd, vous ne pouvez pas vous tromper !\u00a0Faites plaisir \u00e0 vos proches en toutes occasions en leur offrant une carte cadeau\u00a0du montant de votre choix.  La carte est jolie et valable 1 an \u00e0 compter de la date d&#039;achat sur l&#039;ensemble de nos collections, \u00e0 l&#039;atelier ou en ligne !  N&#039;h\u00e9sitez plus ! Offrir une Carte Cadeau Flu\u00efd, c&#039;est offrir \u00e0 votre famille ou \u00e0 vos ami(e)s la libert\u00e9 de choisir parmi toutes nos cr\u00e9ations, dans toutes les teintes de notre nuancier.\" \/>\n<meta property=\"og:url\" content=\"https:\/\/www.fluid.coop\/produit\/bon-cadeau-fluid\/\" \/>\n<meta property=\"og:site_name\" content=\"Flu\u00efd, souffleurs de verre \u00e0 Belle-Ile-en-Mer\" \/>\n<meta property=\"article:publisher\" content=\"https:\/\/www.facebook.com\/fluid.coop\" \/>\n<meta property=\"article:modified_time\" content=\"2024-11-13T11:18:40+00:00\" \/>\n<meta property=\"og:image\" content=\"https:\/\/www.fluid.coop\/wp-content\/uploads\/2022\/11\/BAFFF258-4B7E-4663-9173-EB8F68AE6B91.jpg\" \/>\n\t<meta property=\"og:image:width\" content=\"868\" \/>\n\t<meta property=\"og:image:height\" content=\"1160\" \/>\n\t<meta property=\"og:image:type\" content=\"image\/jpeg\" \/>\n<meta name=\"twitter:card\" content=\"summary_large_image\" \/>\n<script type=\"application\/ld+json\" class=\"yoast-schema-graph\">{\"@context\":\"https:\/\/schema.org\",\"@graph\":[{\"@type\":\"WebPage\",\"@id\":\"https:\/\/www.fluid.coop\/produit\/bon-cadeau-fluid\/\",\"url\":\"https:\/\/www.fluid.coop\/produit\/bon-cadeau-fluid\/\",\"name\":\"Carte Cadeau Flu\u00efd - Flu\u00efd, souffleurs de verre \u00e0 Belle-Ile-en-Mer\",\"isPartOf\":{\"@id\":\"https:\/\/www.fluid.coop\/en\/#website\"},\"primaryImageOfPage\":{\"@id\":\"https:\/\/www.fluid.coop\/produit\/bon-cadeau-fluid\/#primaryimage\"},\"image\":{\"@id\":\"https:\/\/www.fluid.coop\/produit\/bon-cadeau-fluid\/#primaryimage\"},\"thumbnailUrl\":\"https:\/\/www.fluid.coop\/wp-content\/uploads\/2022\/11\/BAFFF258-4B7E-4663-9173-EB8F68AE6B91.jpg\",\"datePublished\":\"2022-11-22T16:17:56+00:00\",\"dateModified\":\"2024-11-13T11:18:40+00:00\",\"breadcrumb\":{\"@id\":\"https:\/\/www.fluid.coop\/produit\/bon-cadeau-fluid\/#breadcrumb\"},\"inLanguage\":\"en-US\",\"potentialAction\":[{\"@type\":\"ReadAction\",\"target\":[\"https:\/\/www.fluid.coop\/produit\/bon-cadeau-fluid\/\"]}]},{\"@type\":\"ImageObject\",\"inLanguage\":\"en-US\",\"@id\":\"https:\/\/www.fluid.coop\/produit\/bon-cadeau-fluid\/#primaryimage\",\"url\":\"https:\/\/www.fluid.coop\/wp-content\/uploads\/2022\/11\/BAFFF258-4B7E-4663-9173-EB8F68AE6B91.jpg\",\"contentUrl\":\"https:\/\/www.fluid.coop\/wp-content\/uploads\/2022\/11\/BAFFF258-4B7E-4663-9173-EB8F68AE6B91.jpg\",\"width\":868,\"height\":1160},{\"@type\":\"BreadcrumbList\",\"@id\":\"https:\/\/www.fluid.coop\/produit\/bon-cadeau-fluid\/#breadcrumb\",\"itemListElement\":[{\"@type\":\"ListItem\",\"position\":1,\"name\":\"Accueil\",\"item\":\"https:\/\/www.fluid.coop\/en\/home\/\"},{\"@type\":\"ListItem\",\"position\":2,\"name\":\"Produits\",\"item\":\"https:\/\/www.fluid.coop\/shop\/\"},{\"@type\":\"ListItem\",\"position\":3,\"name\":\"Carte Cadeau Flu\u00efd\"}]},{\"@type\":\"WebSite\",\"@id\":\"https:\/\/www.fluid.coop\/en\/#website\",\"url\":\"https:\/\/www.fluid.coop\/en\/\",\"name\":\"Flu\u00efd, souffleurs de verre \u00e0 Belle-\u00cele-en-Mer\",\"description\":\"\",\"publisher\":{\"@id\":\"https:\/\/www.fluid.coop\/en\/#organization\"},\"potentialAction\":[{\"@type\":\"SearchAction\",\"target\":{\"@type\":\"EntryPoint\",\"urlTemplate\":\"https:\/\/www.fluid.coop\/en\/?s={search_term_string}\"},\"query-input\":{\"@type\":\"PropertyValueSpecification\",\"valueRequired\":true,\"valueName\":\"search_term_string\"}}],\"inLanguage\":\"en-US\"},{\"@type\":\"Organization\",\"@id\":\"https:\/\/www.fluid.coop\/en\/#organization\",\"name\":\"Flu\u00efd, souffleurs de verre \u00e0 Belle-Ile-en-Mer\",\"url\":\"https:\/\/www.fluid.coop\/en\/\",\"logo\":{\"@type\":\"ImageObject\",\"inLanguage\":\"en-US\",\"@id\":\"https:\/\/www.fluid.coop\/en\/#\/schema\/logo\/image\/\",\"url\":\"https:\/\/www.fluid.coop\/wp-content\/uploads\/2022\/02\/logofluid.jpg\",\"contentUrl\":\"https:\/\/www.fluid.coop\/wp-content\/uploads\/2022\/02\/logofluid.jpg\",\"width\":1181,\"height\":1181,\"caption\":\"Flu\u00efd, souffleurs de verre \u00e0 Belle-Ile-en-Mer\"},\"image\":{\"@id\":\"https:\/\/www.fluid.coop\/en\/#\/schema\/logo\/image\/\"},\"sameAs\":[\"https:\/\/www.facebook.com\/fluid.coop\",\"https:\/\/www.instagram.com\/fluid.coop\/\"]}]}<\/script>\n<!-- \/ Yoast SEO plugin. -->","yoast_head_json":{"title":"Carte Cadeau Flu\u00efd - Flu\u00efd, souffleurs de verre \u00e0 Belle-Ile-en-Mer","robots":{"index":"index","follow":"follow","max-snippet":"max-snippet:-1","max-image-preview":"max-image-preview:large","max-video-preview":"max-video-preview:-1"},"canonical":"https:\/\/www.fluid.coop\/produit\/bon-cadeau-fluid\/","og_locale":"en_US","og_type":"article","og_title":"Carte Cadeau Flu\u00efd - Flu\u00efd, souffleurs de verre \u00e0 Belle-Ile-en-Mer","og_description":"La Carte Cadeau Flu\u00efd, la solution id\u00e9ale pour faire plaisir \u00e0 coup s\u00fbr !  Avec la Carte Cadeau Flu\u00efd, vous ne pouvez pas vous tromper !\u00a0Faites plaisir \u00e0 vos proches en toutes occasions en leur offrant une carte cadeau\u00a0du montant de votre choix.  La carte est jolie et valable 1 an \u00e0 compter de la date d'achat sur l'ensemble de nos collections, \u00e0 l'atelier ou en ligne !  N'h\u00e9sitez plus ! Offrir une Carte Cadeau Flu\u00efd, c'est offrir \u00e0 votre famille ou \u00e0 vos ami(e)s la libert\u00e9 de choisir parmi toutes nos cr\u00e9ations, dans toutes les teintes de notre nuancier.","og_url":"https:\/\/www.fluid.coop\/produit\/bon-cadeau-fluid\/","og_site_name":"Flu\u00efd, souffleurs de verre \u00e0 Belle-Ile-en-Mer","article_publisher":"https:\/\/www.facebook.com\/fluid.coop","article_modified_time":"2024-11-13T11:18:40+00:00","og_image":[{"width":868,"height":1160,"url":"https:\/\/www.fluid.coop\/wp-content\/uploads\/2022\/11\/BAFFF258-4B7E-4663-9173-EB8F68AE6B91.jpg","type":"image\/jpeg"}],"twitter_card":"summary_large_image","schema":{"@context":"https:\/\/schema.org","@graph":[{"@type":"WebPage","@id":"https:\/\/www.fluid.coop\/produit\/bon-cadeau-fluid\/","url":"https:\/\/www.fluid.coop\/produit\/bon-cadeau-fluid\/","name":"Carte Cadeau Flu\u00efd - Flu\u00efd, souffleurs de verre \u00e0 Belle-Ile-en-Mer","isPartOf":{"@id":"https:\/\/www.fluid.coop\/en\/#website"},"primaryImageOfPage":{"@id":"https:\/\/www.fluid.coop\/produit\/bon-cadeau-fluid\/#primaryimage"},"image":{"@id":"https:\/\/www.fluid.coop\/produit\/bon-cadeau-fluid\/#primaryimage"},"thumbnailUrl":"https:\/\/www.fluid.coop\/wp-content\/uploads\/2022\/11\/BAFFF258-4B7E-4663-9173-EB8F68AE6B91.jpg","datePublished":"2022-11-22T16:17:56+00:00","dateModified":"2024-11-13T11:18:40+00:00","breadcrumb":{"@id":"https:\/\/www.fluid.coop\/produit\/bon-cadeau-fluid\/#breadcrumb"},"inLanguage":"en-US","potentialAction":[{"@type":"ReadAction","target":["https:\/\/www.fluid.coop\/produit\/bon-cadeau-fluid\/"]}]},{"@type":"ImageObject","inLanguage":"en-US","@id":"https:\/\/www.fluid.coop\/produit\/bon-cadeau-fluid\/#primaryimage","url":"https:\/\/www.fluid.coop\/wp-content\/uploads\/2022\/11\/BAFFF258-4B7E-4663-9173-EB8F68AE6B91.jpg","contentUrl":"https:\/\/www.fluid.coop\/wp-content\/uploads\/2022\/11\/BAFFF258-4B7E-4663-9173-EB8F68AE6B91.jpg","width":868,"height":1160},{"@type":"BreadcrumbList","@id":"https:\/\/www.fluid.coop\/produit\/bon-cadeau-fluid\/#breadcrumb","itemListElement":[{"@type":"ListItem","position":1,"name":"Accueil","item":"https:\/\/www.fluid.coop\/en\/home\/"},{"@type":"ListItem","position":2,"name":"Produits","item":"https:\/\/www.fluid.coop\/shop\/"},{"@type":"ListItem","position":3,"name":"Carte Cadeau Flu\u00efd"}]},{"@type":"WebSite","@id":"https:\/\/www.fluid.coop\/en\/#website","url":"https:\/\/www.fluid.coop\/en\/","name":"Flu\u00efd, souffleurs de verre \u00e0 Belle-\u00cele-en-Mer","description":"","publisher":{"@id":"https:\/\/www.fluid.coop\/en\/#organization"},"potentialAction":[{"@type":"SearchAction","target":{"@type":"EntryPoint","urlTemplate":"https:\/\/www.fluid.coop\/en\/?s={search_term_string}"},"query-input":{"@type":"PropertyValueSpecification","valueRequired":true,"valueName":"search_term_string"}}],"inLanguage":"en-US"},{"@type":"Organization","@id":"https:\/\/www.fluid.coop\/en\/#organization","name":"Flu\u00efd, souffleurs de verre \u00e0 Belle-Ile-en-Mer","url":"https:\/\/www.fluid.coop\/en\/","logo":{"@type":"ImageObject","inLanguage":"en-US","@id":"https:\/\/www.fluid.coop\/en\/#\/schema\/logo\/image\/","url":"https:\/\/www.fluid.coop\/wp-content\/uploads\/2022\/02\/logofluid.jpg","contentUrl":"https:\/\/www.fluid.coop\/wp-content\/uploads\/2022\/02\/logofluid.jpg","width":1181,"height":1181,"caption":"Flu\u00efd, souffleurs de verre \u00e0 Belle-Ile-en-Mer"},"image":{"@id":"https:\/\/www.fluid.coop\/en\/#\/schema\/logo\/image\/"},"sameAs":["https:\/\/www.facebook.com\/fluid.coop","https:\/\/www.instagram.com\/fluid.coop\/"]}]}},"_links":{"self":[{"href":"https:\/\/www.fluid.coop\/en\/wp-json\/wp\/v2\/product\/2371","targetHints":{"allow":["GET"]}}],"collection":[{"href":"https:\/\/www.fluid.coop\/en\/wp-json\/wp\/v2\/product"}],"about":[{"href":"https:\/\/www.fluid.coop\/en\/wp-json\/wp\/v2\/types\/product"}],"replies":[{"embeddable":true,"href":"https:\/\/www.fluid.coop\/en\/wp-json\/wp\/v2\/comments?post=2371"}],"wp:featuredmedia":[{"embeddable":true,"href":"https:\/\/www.fluid.coop\/en\/wp-json\/wp\/v2\/media\/4033"}],"wp:attachment":[{"href":"https:\/\/www.fluid.coop\/en\/wp-json\/wp\/v2\/media?parent=2371"}],"wp:term":[{"taxonomy":"product_brand","embeddable":true,"href":"https:\/\/www.fluid.coop\/en\/wp-json\/wp\/v2\/product_brand?post=2371"},{"taxonomy":"product_cat","embeddable":true,"href":"https:\/\/www.fluid.coop\/en\/wp-json\/wp\/v2\/product_cat?post=2371"},{"taxonomy":"product_tag","embeddable":true,"href":"https:\/\/www.fluid.coop\/en\/wp-json\/wp\/v2\/product_tag?post=2371"}],"curies":[{"name":"wp","href":"https:\/\/api.w.org\/{rel}","templated":true}]}}