{"id":2540,"date":"2023-04-20T09:23:20","date_gmt":"2023-04-20T09:23:20","guid":{"rendered":"https:\/\/www.fluid.coop\/?post_type=product&#038;p=2540"},"modified":"2024-11-28T09:27:57","modified_gmt":"2024-11-28T09:27:57","slug":"verres-hotel-du-phare","status":"publish","type":"product","link":"https:\/\/www.fluid.coop\/en\/produit\/verres-hotel-du-phare\/","title":{"rendered":"Service de 6 verres H\u00f4tel du Phare"},"content":{"rendered":"","protected":false},"excerpt":{"rendered":"<p>Apportez une touche marine \u00e0 votre table avec notre collection \u00ab\u00a0H\u00f4tel du Phare\u00a0\u00bb.<\/p>\n<p>Les verres &#8220;H\u00f4tel du Phare&#8221; sont enti\u00e8rement r\u00e9alis\u00e9s \u00e0 la main, dans notre atelier de Belle-\u00cele. Le d\u00e9grad\u00e9 de couleur, qui orne leur buvant, est al\u00e9atoire et peut l\u00e9g\u00e8rement varier d&#8217;un verre \u00e0 l&#8217;autre, les rendant tous uniques et originaux.<\/p>\n<p>Vendus par service de 6, ils embelliront votre table avec d\u00e9licatesse et raffinement, tout en ajoutant une touche de couleur. On craque !<\/p>\n<p>Compl\u00e9tez votre service avec la <a href=\"https:\/\/www.fluid.coop\/produit\/carafe-hotel-du-phare\/\">carafe &#8220;H\u00f4tel du Phare&#8221;<\/a> assortie.<\/p>\n<p>Dimensions : H. 12 cm &#8211;\u00a0\u00d8 6,5cm<\/p>\n<p>Contenance : \u224825 cl<\/p>\n<p>Lavables au lave-vaisselle.<\/p>\n<p>\u00a9 : <a href=\"https:\/\/www.hotelduphare-belle-ile.fr\/restaurant\/\">H\u00f4tel du Phare<\/a><\/p>\n<p>Couleur du d\u00e9grad\u00e9 :<\/p>\n","protected":false},"featured_media":4341,"comment_status":"closed","ping_status":"closed","template":"","meta":{"site-sidebar-layout":"default","site-content-layout":"default","ast-site-content-layout":"default","site-content-style":"default","site-sidebar-style":"default","ast-global-header-display":"","ast-banner-title-visibility":"","ast-main-header-display":"","ast-hfb-above-header-display":"","ast-hfb-below-header-display":"","ast-hfb-mobile-header-display":"","site-post-title":"","ast-breadcrumbs-content":"","ast-featured-img":"","footer-sml-layout":"","ast-disable-related-posts":"","theme-transparent-header-meta":"default","adv-header-id-meta":"","stick-header-meta":"","header-above-stick-meta":"","header-main-stick-meta":"","header-below-stick-meta":"","astra-migrate-meta-layouts":"set","ast-page-background-enabled":"default","ast-page-background-meta":{"desktop":{"background-color":"var(--ast-global-color-4)","background-image":"","background-repeat":"repeat","background-position":"center center","background-size":"auto","background-attachment":"scroll","background-type":"","background-media":"","overlay-type":"","overlay-color":"","overlay-opacity":"","overlay-gradient":""},"tablet":{"background-color":"","background-image":"","background-repeat":"repeat","background-position":"center center","background-size":"auto","background-attachment":"scroll","background-type":"","background-media":"","overlay-type":"","overlay-color":"","overlay-opacity":"","overlay-gradient":""},"mobile":{"background-color":"","background-image":"","background-repeat":"repeat","background-position":"center center","background-size":"auto","background-attachment":"scroll","background-type":"","background-media":"","overlay-type":"","overlay-color":"","overlay-opacity":"","overlay-gradient":""}},"ast-content-background-meta":{"desktop":{"background-color":"var(--ast-global-color-5)","background-image":"","background-repeat":"repeat","background-position":"center center","background-size":"auto","background-attachment":"scroll","background-type":"","background-media":"","overlay-type":"","overlay-color":"","overlay-opacity":"","overlay-gradient":""},"tablet":{"background-color":"var(--ast-global-color-5)","background-image":"","background-repeat":"repeat","background-position":"center center","background-size":"auto","background-attachment":"scroll","background-type":"","background-media":"","overlay-type":"","overlay-color":"","overlay-opacity":"","overlay-gradient":""},"mobile":{"background-color":"var(--ast-global-color-5)","background-image":"","background-repeat":"repeat","background-position":"center center","background-size":"auto","background-attachment":"scroll","background-type":"","background-media":"","overlay-type":"","overlay-color":"","overlay-opacity":"","overlay-gradient":""}}},"product_brand":[],"product_cat":[32,141],"product_tag":[],"class_list":{"0":"post-2540","1":"product","2":"type-product","3":"status-publish","4":"has-post-thumbnail","6":"product_cat-art-de-la-table","7":"product_cat-collection-hotel-du-phare","8":"desktop-align-left","9":"tablet-align-left","10":"mobile-align-left","12":"first","13":"instock","14":"taxable","15":"shipping-taxable","16":"purchasable","17":"product-type-variable"},"yoast_head":"<!-- This site is optimized with the Yoast SEO plugin v26.7 - https:\/\/yoast.com\/wordpress\/plugins\/seo\/ -->\n<title>Service de 6 verres H\u00f4tel du Phare - Flu\u00efd, souffleurs de verre \u00e0 Belle-Ile-en-Mer<\/title>\n<meta name=\"robots\" content=\"index, follow, max-snippet:-1, max-image-preview:large, max-video-preview:-1\" \/>\n<link rel=\"canonical\" href=\"https:\/\/www.fluid.coop\/produit\/verres-hotel-du-phare\/\" \/>\n<meta property=\"og:locale\" content=\"en_US\" \/>\n<meta property=\"og:type\" content=\"article\" \/>\n<meta property=\"og:title\" content=\"Service de 6 verres H\u00f4tel du Phare - Flu\u00efd, souffleurs de verre \u00e0 Belle-Ile-en-Mer\" \/>\n<meta property=\"og:description\" content=\"Apportez une touche marine \u00e0 votre table avec notre collection \u00ab\u00a0H\u00f4tel du Phare\u00a0\u00bb.  Les verres &quot;H\u00f4tel du Phare&quot; sont enti\u00e8rement r\u00e9alis\u00e9s \u00e0 la main, dans notre atelier de Belle-\u00cele. Le d\u00e9grad\u00e9 de couleur, qui orne leur buvant, est al\u00e9atoire et peut l\u00e9g\u00e8rement varier d&#039;un verre \u00e0 l&#039;autre, les rendant tous uniques et originaux.  Vendus par service de 6, ils embelliront votre table avec d\u00e9licatesse et raffinement, tout en ajoutant une touche de couleur. On craque !  Compl\u00e9tez votre service avec la carafe &quot;H\u00f4tel du Phare&quot; assortie.  Dimensions : H. 12 cm -\u00a0\u00d8 6,5cm  Contenance : \u224825 cl  Lavables au lave-vaisselle.  \u00a9 : H\u00f4tel du Phare  Couleur du d\u00e9grad\u00e9 :\" \/>\n<meta property=\"og:url\" content=\"https:\/\/www.fluid.coop\/produit\/verres-hotel-du-phare\/\" \/>\n<meta property=\"og:site_name\" content=\"Flu\u00efd, souffleurs de verre \u00e0 Belle-Ile-en-Mer\" \/>\n<meta property=\"article:publisher\" content=\"https:\/\/www.facebook.com\/fluid.coop\" \/>\n<meta property=\"article:modified_time\" content=\"2024-11-28T09:27:57+00:00\" \/>\n<meta property=\"og:image\" content=\"https:\/\/www.fluid.coop\/wp-content\/uploads\/2023\/04\/1VPhare-scaled.jpg\" \/>\n\t<meta property=\"og:image:width\" content=\"2560\" \/>\n\t<meta property=\"og:image:height\" content=\"2560\" \/>\n\t<meta property=\"og:image:type\" content=\"image\/jpeg\" \/>\n<meta name=\"twitter:card\" content=\"summary_large_image\" \/>\n<script type=\"application\/ld+json\" class=\"yoast-schema-graph\">{\"@context\":\"https:\/\/schema.org\",\"@graph\":[{\"@type\":\"WebPage\",\"@id\":\"https:\/\/www.fluid.coop\/produit\/verres-hotel-du-phare\/\",\"url\":\"https:\/\/www.fluid.coop\/produit\/verres-hotel-du-phare\/\",\"name\":\"Service de 6 verres H\u00f4tel du Phare - Flu\u00efd, souffleurs de verre \u00e0 Belle-Ile-en-Mer\",\"isPartOf\":{\"@id\":\"https:\/\/www.fluid.coop\/en\/#website\"},\"primaryImageOfPage\":{\"@id\":\"https:\/\/www.fluid.coop\/produit\/verres-hotel-du-phare\/#primaryimage\"},\"image\":{\"@id\":\"https:\/\/www.fluid.coop\/produit\/verres-hotel-du-phare\/#primaryimage\"},\"thumbnailUrl\":\"https:\/\/www.fluid.coop\/wp-content\/uploads\/2023\/04\/1VPhare-scaled.jpg\",\"datePublished\":\"2023-04-20T09:23:20+00:00\",\"dateModified\":\"2024-11-28T09:27:57+00:00\",\"breadcrumb\":{\"@id\":\"https:\/\/www.fluid.coop\/produit\/verres-hotel-du-phare\/#breadcrumb\"},\"inLanguage\":\"en-US\",\"potentialAction\":[{\"@type\":\"ReadAction\",\"target\":[\"https:\/\/www.fluid.coop\/produit\/verres-hotel-du-phare\/\"]}]},{\"@type\":\"ImageObject\",\"inLanguage\":\"en-US\",\"@id\":\"https:\/\/www.fluid.coop\/produit\/verres-hotel-du-phare\/#primaryimage\",\"url\":\"https:\/\/www.fluid.coop\/wp-content\/uploads\/2023\/04\/1VPhare-scaled.jpg\",\"contentUrl\":\"https:\/\/www.fluid.coop\/wp-content\/uploads\/2023\/04\/1VPhare-scaled.jpg\",\"width\":2560,\"height\":2560},{\"@type\":\"BreadcrumbList\",\"@id\":\"https:\/\/www.fluid.coop\/produit\/verres-hotel-du-phare\/#breadcrumb\",\"itemListElement\":[{\"@type\":\"ListItem\",\"position\":1,\"name\":\"Accueil\",\"item\":\"https:\/\/www.fluid.coop\/en\/home\/\"},{\"@type\":\"ListItem\",\"position\":2,\"name\":\"Produits\",\"item\":\"https:\/\/www.fluid.coop\/shop\/\"},{\"@type\":\"ListItem\",\"position\":3,\"name\":\"Service de 6 verres H\u00f4tel du Phare\"}]},{\"@type\":\"WebSite\",\"@id\":\"https:\/\/www.fluid.coop\/en\/#website\",\"url\":\"https:\/\/www.fluid.coop\/en\/\",\"name\":\"Flu\u00efd, souffleurs de verre \u00e0 Belle-\u00cele-en-Mer\",\"description\":\"\",\"publisher\":{\"@id\":\"https:\/\/www.fluid.coop\/en\/#organization\"},\"potentialAction\":[{\"@type\":\"SearchAction\",\"target\":{\"@type\":\"EntryPoint\",\"urlTemplate\":\"https:\/\/www.fluid.coop\/en\/?s={search_term_string}\"},\"query-input\":{\"@type\":\"PropertyValueSpecification\",\"valueRequired\":true,\"valueName\":\"search_term_string\"}}],\"inLanguage\":\"en-US\"},{\"@type\":\"Organization\",\"@id\":\"https:\/\/www.fluid.coop\/en\/#organization\",\"name\":\"Flu\u00efd, souffleurs de verre \u00e0 Belle-Ile-en-Mer\",\"url\":\"https:\/\/www.fluid.coop\/en\/\",\"logo\":{\"@type\":\"ImageObject\",\"inLanguage\":\"en-US\",\"@id\":\"https:\/\/www.fluid.coop\/en\/#\/schema\/logo\/image\/\",\"url\":\"https:\/\/www.fluid.coop\/wp-content\/uploads\/2022\/02\/logofluid.jpg\",\"contentUrl\":\"https:\/\/www.fluid.coop\/wp-content\/uploads\/2022\/02\/logofluid.jpg\",\"width\":1181,\"height\":1181,\"caption\":\"Flu\u00efd, souffleurs de verre \u00e0 Belle-Ile-en-Mer\"},\"image\":{\"@id\":\"https:\/\/www.fluid.coop\/en\/#\/schema\/logo\/image\/\"},\"sameAs\":[\"https:\/\/www.facebook.com\/fluid.coop\",\"https:\/\/www.instagram.com\/fluid.coop\/\"]}]}<\/script>\n<!-- \/ Yoast SEO plugin. -->","yoast_head_json":{"title":"Service de 6 verres H\u00f4tel du Phare - Flu\u00efd, souffleurs de verre \u00e0 Belle-Ile-en-Mer","robots":{"index":"index","follow":"follow","max-snippet":"max-snippet:-1","max-image-preview":"max-image-preview:large","max-video-preview":"max-video-preview:-1"},"canonical":"https:\/\/www.fluid.coop\/produit\/verres-hotel-du-phare\/","og_locale":"en_US","og_type":"article","og_title":"Service de 6 verres H\u00f4tel du Phare - Flu\u00efd, souffleurs de verre \u00e0 Belle-Ile-en-Mer","og_description":"Apportez une touche marine \u00e0 votre table avec notre collection \u00ab\u00a0H\u00f4tel du Phare\u00a0\u00bb.  Les verres \"H\u00f4tel du Phare\" sont enti\u00e8rement r\u00e9alis\u00e9s \u00e0 la main, dans notre atelier de Belle-\u00cele. Le d\u00e9grad\u00e9 de couleur, qui orne leur buvant, est al\u00e9atoire et peut l\u00e9g\u00e8rement varier d'un verre \u00e0 l'autre, les rendant tous uniques et originaux.  Vendus par service de 6, ils embelliront votre table avec d\u00e9licatesse et raffinement, tout en ajoutant une touche de couleur. On craque !  Compl\u00e9tez votre service avec la carafe \"H\u00f4tel du Phare\" assortie.  Dimensions : H. 12 cm -\u00a0\u00d8 6,5cm  Contenance : \u224825 cl  Lavables au lave-vaisselle.  \u00a9 : H\u00f4tel du Phare  Couleur du d\u00e9grad\u00e9 :","og_url":"https:\/\/www.fluid.coop\/produit\/verres-hotel-du-phare\/","og_site_name":"Flu\u00efd, souffleurs de verre \u00e0 Belle-Ile-en-Mer","article_publisher":"https:\/\/www.facebook.com\/fluid.coop","article_modified_time":"2024-11-28T09:27:57+00:00","og_image":[{"width":2560,"height":2560,"url":"https:\/\/www.fluid.coop\/wp-content\/uploads\/2023\/04\/1VPhare-scaled.jpg","type":"image\/jpeg"}],"twitter_card":"summary_large_image","schema":{"@context":"https:\/\/schema.org","@graph":[{"@type":"WebPage","@id":"https:\/\/www.fluid.coop\/produit\/verres-hotel-du-phare\/","url":"https:\/\/www.fluid.coop\/produit\/verres-hotel-du-phare\/","name":"Service de 6 verres H\u00f4tel du Phare - Flu\u00efd, souffleurs de verre \u00e0 Belle-Ile-en-Mer","isPartOf":{"@id":"https:\/\/www.fluid.coop\/en\/#website"},"primaryImageOfPage":{"@id":"https:\/\/www.fluid.coop\/produit\/verres-hotel-du-phare\/#primaryimage"},"image":{"@id":"https:\/\/www.fluid.coop\/produit\/verres-hotel-du-phare\/#primaryimage"},"thumbnailUrl":"https:\/\/www.fluid.coop\/wp-content\/uploads\/2023\/04\/1VPhare-scaled.jpg","datePublished":"2023-04-20T09:23:20+00:00","dateModified":"2024-11-28T09:27:57+00:00","breadcrumb":{"@id":"https:\/\/www.fluid.coop\/produit\/verres-hotel-du-phare\/#breadcrumb"},"inLanguage":"en-US","potentialAction":[{"@type":"ReadAction","target":["https:\/\/www.fluid.coop\/produit\/verres-hotel-du-phare\/"]}]},{"@type":"ImageObject","inLanguage":"en-US","@id":"https:\/\/www.fluid.coop\/produit\/verres-hotel-du-phare\/#primaryimage","url":"https:\/\/www.fluid.coop\/wp-content\/uploads\/2023\/04\/1VPhare-scaled.jpg","contentUrl":"https:\/\/www.fluid.coop\/wp-content\/uploads\/2023\/04\/1VPhare-scaled.jpg","width":2560,"height":2560},{"@type":"BreadcrumbList","@id":"https:\/\/www.fluid.coop\/produit\/verres-hotel-du-phare\/#breadcrumb","itemListElement":[{"@type":"ListItem","position":1,"name":"Accueil","item":"https:\/\/www.fluid.coop\/en\/home\/"},{"@type":"ListItem","position":2,"name":"Produits","item":"https:\/\/www.fluid.coop\/shop\/"},{"@type":"ListItem","position":3,"name":"Service de 6 verres H\u00f4tel du Phare"}]},{"@type":"WebSite","@id":"https:\/\/www.fluid.coop\/en\/#website","url":"https:\/\/www.fluid.coop\/en\/","name":"Flu\u00efd, souffleurs de verre \u00e0 Belle-\u00cele-en-Mer","description":"","publisher":{"@id":"https:\/\/www.fluid.coop\/en\/#organization"},"potentialAction":[{"@type":"SearchAction","target":{"@type":"EntryPoint","urlTemplate":"https:\/\/www.fluid.coop\/en\/?s={search_term_string}"},"query-input":{"@type":"PropertyValueSpecification","valueRequired":true,"valueName":"search_term_string"}}],"inLanguage":"en-US"},{"@type":"Organization","@id":"https:\/\/www.fluid.coop\/en\/#organization","name":"Flu\u00efd, souffleurs de verre \u00e0 Belle-Ile-en-Mer","url":"https:\/\/www.fluid.coop\/en\/","logo":{"@type":"ImageObject","inLanguage":"en-US","@id":"https:\/\/www.fluid.coop\/en\/#\/schema\/logo\/image\/","url":"https:\/\/www.fluid.coop\/wp-content\/uploads\/2022\/02\/logofluid.jpg","contentUrl":"https:\/\/www.fluid.coop\/wp-content\/uploads\/2022\/02\/logofluid.jpg","width":1181,"height":1181,"caption":"Flu\u00efd, souffleurs de verre \u00e0 Belle-Ile-en-Mer"},"image":{"@id":"https:\/\/www.fluid.coop\/en\/#\/schema\/logo\/image\/"},"sameAs":["https:\/\/www.facebook.com\/fluid.coop","https:\/\/www.instagram.com\/fluid.coop\/"]}]}},"_links":{"self":[{"href":"https:\/\/www.fluid.coop\/en\/wp-json\/wp\/v2\/product\/2540","targetHints":{"allow":["GET"]}}],"collection":[{"href":"https:\/\/www.fluid.coop\/en\/wp-json\/wp\/v2\/product"}],"about":[{"href":"https:\/\/www.fluid.coop\/en\/wp-json\/wp\/v2\/types\/product"}],"replies":[{"embeddable":true,"href":"https:\/\/www.fluid.coop\/en\/wp-json\/wp\/v2\/comments?post=2540"}],"wp:featuredmedia":[{"embeddable":true,"href":"https:\/\/www.fluid.coop\/en\/wp-json\/wp\/v2\/media\/4341"}],"wp:attachment":[{"href":"https:\/\/www.fluid.coop\/en\/wp-json\/wp\/v2\/media?parent=2540"}],"wp:term":[{"taxonomy":"product_brand","embeddable":true,"href":"https:\/\/www.fluid.coop\/en\/wp-json\/wp\/v2\/product_brand?post=2540"},{"taxonomy":"product_cat","embeddable":true,"href":"https:\/\/www.fluid.coop\/en\/wp-json\/wp\/v2\/product_cat?post=2540"},{"taxonomy":"product_tag","embeddable":true,"href":"https:\/\/www.fluid.coop\/en\/wp-json\/wp\/v2\/product_tag?post=2540"}],"curies":[{"name":"wp","href":"https:\/\/api.w.org\/{rel}","templated":true}]}}