{"id":2555,"date":"2023-04-20T09:26:03","date_gmt":"2023-04-20T09:26:03","guid":{"rendered":"https:\/\/www.fluid.coop\/?post_type=product&#038;p=2555"},"modified":"2024-11-28T09:39:00","modified_gmt":"2024-11-28T09:39:00","slug":"carafe-hotel-du-phare","status":"publish","type":"product","link":"https:\/\/www.fluid.coop\/en\/produit\/carafe-hotel-du-phare\/","title":{"rendered":"Carafe H\u00f4tel du Phare"},"content":{"rendered":"","protected":false},"excerpt":{"rendered":"<p>Apportez une touche marine \u00e0 votre table avec notre collection &#8220;H\u00f4tel du Phare&#8221;.<\/p>\n<p>La Carafe &#8220;H\u00f4tel du Phare&#8221; se distingue par un design \u00e9l\u00e9gant et captivant, cr\u00e9ant une pi\u00e8ce \u00e0 la fois pratique et d\u00e9corative. R\u00e9alis\u00e9e en verre transparent, son liser\u00e9 blanc au buvant\u00a0apporte un contraste visuel attrayant et une note de fra\u00eecheur, rendant cette carafe encore plus unique.<\/p>\n<p>Parfaite pour servir de l&#8217;eau, des jus de fruits ou des boissons rafra\u00eechissantes, la Carafe &#8220;H\u00f4tel du Phare&#8221; est id\u00e9ale pour toutes les occasions.\u00a0Elle ajoutera une touche originale et marine qui surprendra tous vos invit\u00e9s ! \u00c0 assortir avec nos <a href=\"https:\/\/www.fluid.coop\/produit\/verres-hotel-du-phare\/\">verres<\/a> de la m\u00eame collection pour une \u00e9vasion en bord de mer\u00a0et avoir l&#8217;impression de d\u00e9jeuner les pieds dans l&#8217;eau !<\/p>\n<p>Dimensions totale (carafe et bouchon) : H. \u2248 37cm<\/p>\n<p>Contenance : \u2248150 cl<\/p>\n<p>Lavable au lave-vaisselle.<\/p>\n<p>\u00a9 : <a href=\"https:\/\/www.hotelduphare-belle-ile.fr\/restaurant\/\">H\u00f4tel du Phare<\/a><\/p>\n<p>Couleur du bouchon :<\/p>\n","protected":false},"featured_media":2561,"comment_status":"closed","ping_status":"closed","template":"","meta":{"site-sidebar-layout":"default","site-content-layout":"default","ast-site-content-layout":"default","site-content-style":"default","site-sidebar-style":"default","ast-global-header-display":"","ast-banner-title-visibility":"","ast-main-header-display":"","ast-hfb-above-header-display":"","ast-hfb-below-header-display":"","ast-hfb-mobile-header-display":"","site-post-title":"","ast-breadcrumbs-content":"","ast-featured-img":"","footer-sml-layout":"","ast-disable-related-posts":"","theme-transparent-header-meta":"default","adv-header-id-meta":"","stick-header-meta":"","header-above-stick-meta":"","header-main-stick-meta":"","header-below-stick-meta":"","astra-migrate-meta-layouts":"set","ast-page-background-enabled":"default","ast-page-background-meta":{"desktop":{"background-color":"var(--ast-global-color-4)","background-image":"","background-repeat":"repeat","background-position":"center center","background-size":"auto","background-attachment":"scroll","background-type":"","background-media":"","overlay-type":"","overlay-color":"","overlay-opacity":"","overlay-gradient":""},"tablet":{"background-color":"","background-image":"","background-repeat":"repeat","background-position":"center center","background-size":"auto","background-attachment":"scroll","background-type":"","background-media":"","overlay-type":"","overlay-color":"","overlay-opacity":"","overlay-gradient":""},"mobile":{"background-color":"","background-image":"","background-repeat":"repeat","background-position":"center center","background-size":"auto","background-attachment":"scroll","background-type":"","background-media":"","overlay-type":"","overlay-color":"","overlay-opacity":"","overlay-gradient":""}},"ast-content-background-meta":{"desktop":{"background-color":"var(--ast-global-color-5)","background-image":"","background-repeat":"repeat","background-position":"center center","background-size":"auto","background-attachment":"scroll","background-type":"","background-media":"","overlay-type":"","overlay-color":"","overlay-opacity":"","overlay-gradient":""},"tablet":{"background-color":"var(--ast-global-color-5)","background-image":"","background-repeat":"repeat","background-position":"center center","background-size":"auto","background-attachment":"scroll","background-type":"","background-media":"","overlay-type":"","overlay-color":"","overlay-opacity":"","overlay-gradient":""},"mobile":{"background-color":"var(--ast-global-color-5)","background-image":"","background-repeat":"repeat","background-position":"center center","background-size":"auto","background-attachment":"scroll","background-type":"","background-media":"","overlay-type":"","overlay-color":"","overlay-opacity":"","overlay-gradient":""}}},"product_brand":[],"product_cat":[32,141],"product_tag":[],"class_list":{"0":"post-2555","1":"product","2":"type-product","3":"status-publish","4":"has-post-thumbnail","6":"product_cat-art-de-la-table","7":"product_cat-collection-hotel-du-phare","8":"desktop-align-left","9":"tablet-align-left","10":"mobile-align-left","12":"first","13":"instock","14":"taxable","15":"shipping-taxable","16":"purchasable","17":"product-type-variable"},"yoast_head":"<!-- This site is optimized with the Yoast SEO plugin v26.7 - https:\/\/yoast.com\/wordpress\/plugins\/seo\/ -->\n<title>Carafe H\u00f4tel du Phare - Flu\u00efd, souffleurs de verre \u00e0 Belle-Ile-en-Mer<\/title>\n<meta name=\"robots\" content=\"index, follow, max-snippet:-1, max-image-preview:large, max-video-preview:-1\" \/>\n<link rel=\"canonical\" href=\"https:\/\/www.fluid.coop\/produit\/carafe-hotel-du-phare\/\" \/>\n<meta property=\"og:locale\" content=\"en_US\" \/>\n<meta property=\"og:type\" content=\"article\" \/>\n<meta property=\"og:title\" content=\"Carafe H\u00f4tel du Phare - Flu\u00efd, souffleurs de verre \u00e0 Belle-Ile-en-Mer\" \/>\n<meta property=\"og:description\" content=\"Apportez une touche marine \u00e0 votre table avec notre collection &quot;H\u00f4tel du Phare&quot;.  La Carafe &quot;H\u00f4tel du Phare&quot; se distingue par un design \u00e9l\u00e9gant et captivant, cr\u00e9ant une pi\u00e8ce \u00e0 la fois pratique et d\u00e9corative. R\u00e9alis\u00e9e en verre transparent, son liser\u00e9 blanc au buvant\u00a0apporte un contraste visuel attrayant et une note de fra\u00eecheur, rendant cette carafe encore plus unique.  Parfaite pour servir de l&#039;eau, des jus de fruits ou des boissons rafra\u00eechissantes, la Carafe &quot;H\u00f4tel du Phare&quot; est id\u00e9ale pour toutes les occasions.\u00a0Elle ajoutera une touche originale et marine qui surprendra tous vos invit\u00e9s ! \u00c0 assortir avec nos verres de la m\u00eame collection pour une \u00e9vasion en bord de mer\u00a0et avoir l&#039;impression de d\u00e9jeuner les pieds dans l&#039;eau !  Dimensions totale (carafe et bouchon) : H. \u2248 37cm  Contenance : \u2248150 cl  Lavable au lave-vaisselle.  \u00a9 : H\u00f4tel du Phare  Couleur du bouchon :\" \/>\n<meta property=\"og:url\" content=\"https:\/\/www.fluid.coop\/produit\/carafe-hotel-du-phare\/\" \/>\n<meta property=\"og:site_name\" content=\"Flu\u00efd, souffleurs de verre \u00e0 Belle-Ile-en-Mer\" \/>\n<meta property=\"article:publisher\" content=\"https:\/\/www.facebook.com\/fluid.coop\" \/>\n<meta property=\"article:modified_time\" content=\"2024-11-28T09:39:00+00:00\" \/>\n<meta property=\"og:image\" content=\"https:\/\/www.fluid.coop\/wp-content\/uploads\/2023\/04\/A2790AE1-A250-4174-9D61-EAD135B2E273_1_201_a.jpeg\" \/>\n\t<meta property=\"og:image:width\" content=\"1086\" \/>\n\t<meta property=\"og:image:height\" content=\"1521\" \/>\n\t<meta property=\"og:image:type\" content=\"image\/jpeg\" \/>\n<meta name=\"twitter:card\" content=\"summary_large_image\" \/>\n<script type=\"application\/ld+json\" class=\"yoast-schema-graph\">{\"@context\":\"https:\/\/schema.org\",\"@graph\":[{\"@type\":\"WebPage\",\"@id\":\"https:\/\/www.fluid.coop\/produit\/carafe-hotel-du-phare\/\",\"url\":\"https:\/\/www.fluid.coop\/produit\/carafe-hotel-du-phare\/\",\"name\":\"Carafe H\u00f4tel du Phare - Flu\u00efd, souffleurs de verre \u00e0 Belle-Ile-en-Mer\",\"isPartOf\":{\"@id\":\"https:\/\/www.fluid.coop\/en\/#website\"},\"primaryImageOfPage\":{\"@id\":\"https:\/\/www.fluid.coop\/produit\/carafe-hotel-du-phare\/#primaryimage\"},\"image\":{\"@id\":\"https:\/\/www.fluid.coop\/produit\/carafe-hotel-du-phare\/#primaryimage\"},\"thumbnailUrl\":\"https:\/\/www.fluid.coop\/wp-content\/uploads\/2023\/04\/A2790AE1-A250-4174-9D61-EAD135B2E273_1_201_a.jpeg\",\"datePublished\":\"2023-04-20T09:26:03+00:00\",\"dateModified\":\"2024-11-28T09:39:00+00:00\",\"breadcrumb\":{\"@id\":\"https:\/\/www.fluid.coop\/produit\/carafe-hotel-du-phare\/#breadcrumb\"},\"inLanguage\":\"en-US\",\"potentialAction\":[{\"@type\":\"ReadAction\",\"target\":[\"https:\/\/www.fluid.coop\/produit\/carafe-hotel-du-phare\/\"]}]},{\"@type\":\"ImageObject\",\"inLanguage\":\"en-US\",\"@id\":\"https:\/\/www.fluid.coop\/produit\/carafe-hotel-du-phare\/#primaryimage\",\"url\":\"https:\/\/www.fluid.coop\/wp-content\/uploads\/2023\/04\/A2790AE1-A250-4174-9D61-EAD135B2E273_1_201_a.jpeg\",\"contentUrl\":\"https:\/\/www.fluid.coop\/wp-content\/uploads\/2023\/04\/A2790AE1-A250-4174-9D61-EAD135B2E273_1_201_a.jpeg\",\"width\":1086,\"height\":1521},{\"@type\":\"BreadcrumbList\",\"@id\":\"https:\/\/www.fluid.coop\/produit\/carafe-hotel-du-phare\/#breadcrumb\",\"itemListElement\":[{\"@type\":\"ListItem\",\"position\":1,\"name\":\"Accueil\",\"item\":\"https:\/\/www.fluid.coop\/en\/home\/\"},{\"@type\":\"ListItem\",\"position\":2,\"name\":\"Produits\",\"item\":\"https:\/\/www.fluid.coop\/shop\/\"},{\"@type\":\"ListItem\",\"position\":3,\"name\":\"Carafe H\u00f4tel du Phare\"}]},{\"@type\":\"WebSite\",\"@id\":\"https:\/\/www.fluid.coop\/en\/#website\",\"url\":\"https:\/\/www.fluid.coop\/en\/\",\"name\":\"Flu\u00efd, souffleurs de verre \u00e0 Belle-\u00cele-en-Mer\",\"description\":\"\",\"publisher\":{\"@id\":\"https:\/\/www.fluid.coop\/en\/#organization\"},\"potentialAction\":[{\"@type\":\"SearchAction\",\"target\":{\"@type\":\"EntryPoint\",\"urlTemplate\":\"https:\/\/www.fluid.coop\/en\/?s={search_term_string}\"},\"query-input\":{\"@type\":\"PropertyValueSpecification\",\"valueRequired\":true,\"valueName\":\"search_term_string\"}}],\"inLanguage\":\"en-US\"},{\"@type\":\"Organization\",\"@id\":\"https:\/\/www.fluid.coop\/en\/#organization\",\"name\":\"Flu\u00efd, souffleurs de verre \u00e0 Belle-Ile-en-Mer\",\"url\":\"https:\/\/www.fluid.coop\/en\/\",\"logo\":{\"@type\":\"ImageObject\",\"inLanguage\":\"en-US\",\"@id\":\"https:\/\/www.fluid.coop\/en\/#\/schema\/logo\/image\/\",\"url\":\"https:\/\/www.fluid.coop\/wp-content\/uploads\/2022\/02\/logofluid.jpg\",\"contentUrl\":\"https:\/\/www.fluid.coop\/wp-content\/uploads\/2022\/02\/logofluid.jpg\",\"width\":1181,\"height\":1181,\"caption\":\"Flu\u00efd, souffleurs de verre \u00e0 Belle-Ile-en-Mer\"},\"image\":{\"@id\":\"https:\/\/www.fluid.coop\/en\/#\/schema\/logo\/image\/\"},\"sameAs\":[\"https:\/\/www.facebook.com\/fluid.coop\",\"https:\/\/www.instagram.com\/fluid.coop\/\"]}]}<\/script>\n<!-- \/ Yoast SEO plugin. -->","yoast_head_json":{"title":"Carafe H\u00f4tel du Phare - Flu\u00efd, souffleurs de verre \u00e0 Belle-Ile-en-Mer","robots":{"index":"index","follow":"follow","max-snippet":"max-snippet:-1","max-image-preview":"max-image-preview:large","max-video-preview":"max-video-preview:-1"},"canonical":"https:\/\/www.fluid.coop\/produit\/carafe-hotel-du-phare\/","og_locale":"en_US","og_type":"article","og_title":"Carafe H\u00f4tel du Phare - Flu\u00efd, souffleurs de verre \u00e0 Belle-Ile-en-Mer","og_description":"Apportez une touche marine \u00e0 votre table avec notre collection \"H\u00f4tel du Phare\".  La Carafe \"H\u00f4tel du Phare\" se distingue par un design \u00e9l\u00e9gant et captivant, cr\u00e9ant une pi\u00e8ce \u00e0 la fois pratique et d\u00e9corative. R\u00e9alis\u00e9e en verre transparent, son liser\u00e9 blanc au buvant\u00a0apporte un contraste visuel attrayant et une note de fra\u00eecheur, rendant cette carafe encore plus unique.  Parfaite pour servir de l'eau, des jus de fruits ou des boissons rafra\u00eechissantes, la Carafe \"H\u00f4tel du Phare\" est id\u00e9ale pour toutes les occasions.\u00a0Elle ajoutera une touche originale et marine qui surprendra tous vos invit\u00e9s ! \u00c0 assortir avec nos verres de la m\u00eame collection pour une \u00e9vasion en bord de mer\u00a0et avoir l'impression de d\u00e9jeuner les pieds dans l'eau !  Dimensions totale (carafe et bouchon) : H. \u2248 37cm  Contenance : \u2248150 cl  Lavable au lave-vaisselle.  \u00a9 : H\u00f4tel du Phare  Couleur du bouchon :","og_url":"https:\/\/www.fluid.coop\/produit\/carafe-hotel-du-phare\/","og_site_name":"Flu\u00efd, souffleurs de verre \u00e0 Belle-Ile-en-Mer","article_publisher":"https:\/\/www.facebook.com\/fluid.coop","article_modified_time":"2024-11-28T09:39:00+00:00","og_image":[{"width":1086,"height":1521,"url":"https:\/\/www.fluid.coop\/wp-content\/uploads\/2023\/04\/A2790AE1-A250-4174-9D61-EAD135B2E273_1_201_a.jpeg","type":"image\/jpeg"}],"twitter_card":"summary_large_image","schema":{"@context":"https:\/\/schema.org","@graph":[{"@type":"WebPage","@id":"https:\/\/www.fluid.coop\/produit\/carafe-hotel-du-phare\/","url":"https:\/\/www.fluid.coop\/produit\/carafe-hotel-du-phare\/","name":"Carafe H\u00f4tel du Phare - Flu\u00efd, souffleurs de verre \u00e0 Belle-Ile-en-Mer","isPartOf":{"@id":"https:\/\/www.fluid.coop\/en\/#website"},"primaryImageOfPage":{"@id":"https:\/\/www.fluid.coop\/produit\/carafe-hotel-du-phare\/#primaryimage"},"image":{"@id":"https:\/\/www.fluid.coop\/produit\/carafe-hotel-du-phare\/#primaryimage"},"thumbnailUrl":"https:\/\/www.fluid.coop\/wp-content\/uploads\/2023\/04\/A2790AE1-A250-4174-9D61-EAD135B2E273_1_201_a.jpeg","datePublished":"2023-04-20T09:26:03+00:00","dateModified":"2024-11-28T09:39:00+00:00","breadcrumb":{"@id":"https:\/\/www.fluid.coop\/produit\/carafe-hotel-du-phare\/#breadcrumb"},"inLanguage":"en-US","potentialAction":[{"@type":"ReadAction","target":["https:\/\/www.fluid.coop\/produit\/carafe-hotel-du-phare\/"]}]},{"@type":"ImageObject","inLanguage":"en-US","@id":"https:\/\/www.fluid.coop\/produit\/carafe-hotel-du-phare\/#primaryimage","url":"https:\/\/www.fluid.coop\/wp-content\/uploads\/2023\/04\/A2790AE1-A250-4174-9D61-EAD135B2E273_1_201_a.jpeg","contentUrl":"https:\/\/www.fluid.coop\/wp-content\/uploads\/2023\/04\/A2790AE1-A250-4174-9D61-EAD135B2E273_1_201_a.jpeg","width":1086,"height":1521},{"@type":"BreadcrumbList","@id":"https:\/\/www.fluid.coop\/produit\/carafe-hotel-du-phare\/#breadcrumb","itemListElement":[{"@type":"ListItem","position":1,"name":"Accueil","item":"https:\/\/www.fluid.coop\/en\/home\/"},{"@type":"ListItem","position":2,"name":"Produits","item":"https:\/\/www.fluid.coop\/shop\/"},{"@type":"ListItem","position":3,"name":"Carafe H\u00f4tel du Phare"}]},{"@type":"WebSite","@id":"https:\/\/www.fluid.coop\/en\/#website","url":"https:\/\/www.fluid.coop\/en\/","name":"Flu\u00efd, souffleurs de verre \u00e0 Belle-\u00cele-en-Mer","description":"","publisher":{"@id":"https:\/\/www.fluid.coop\/en\/#organization"},"potentialAction":[{"@type":"SearchAction","target":{"@type":"EntryPoint","urlTemplate":"https:\/\/www.fluid.coop\/en\/?s={search_term_string}"},"query-input":{"@type":"PropertyValueSpecification","valueRequired":true,"valueName":"search_term_string"}}],"inLanguage":"en-US"},{"@type":"Organization","@id":"https:\/\/www.fluid.coop\/en\/#organization","name":"Flu\u00efd, souffleurs de verre \u00e0 Belle-Ile-en-Mer","url":"https:\/\/www.fluid.coop\/en\/","logo":{"@type":"ImageObject","inLanguage":"en-US","@id":"https:\/\/www.fluid.coop\/en\/#\/schema\/logo\/image\/","url":"https:\/\/www.fluid.coop\/wp-content\/uploads\/2022\/02\/logofluid.jpg","contentUrl":"https:\/\/www.fluid.coop\/wp-content\/uploads\/2022\/02\/logofluid.jpg","width":1181,"height":1181,"caption":"Flu\u00efd, souffleurs de verre \u00e0 Belle-Ile-en-Mer"},"image":{"@id":"https:\/\/www.fluid.coop\/en\/#\/schema\/logo\/image\/"},"sameAs":["https:\/\/www.facebook.com\/fluid.coop","https:\/\/www.instagram.com\/fluid.coop\/"]}]}},"_links":{"self":[{"href":"https:\/\/www.fluid.coop\/en\/wp-json\/wp\/v2\/product\/2555","targetHints":{"allow":["GET"]}}],"collection":[{"href":"https:\/\/www.fluid.coop\/en\/wp-json\/wp\/v2\/product"}],"about":[{"href":"https:\/\/www.fluid.coop\/en\/wp-json\/wp\/v2\/types\/product"}],"replies":[{"embeddable":true,"href":"https:\/\/www.fluid.coop\/en\/wp-json\/wp\/v2\/comments?post=2555"}],"wp:featuredmedia":[{"embeddable":true,"href":"https:\/\/www.fluid.coop\/en\/wp-json\/wp\/v2\/media\/2561"}],"wp:attachment":[{"href":"https:\/\/www.fluid.coop\/en\/wp-json\/wp\/v2\/media?parent=2555"}],"wp:term":[{"taxonomy":"product_brand","embeddable":true,"href":"https:\/\/www.fluid.coop\/en\/wp-json\/wp\/v2\/product_brand?post=2555"},{"taxonomy":"product_cat","embeddable":true,"href":"https:\/\/www.fluid.coop\/en\/wp-json\/wp\/v2\/product_cat?post=2555"},{"taxonomy":"product_tag","embeddable":true,"href":"https:\/\/www.fluid.coop\/en\/wp-json\/wp\/v2\/product_tag?post=2555"}],"curies":[{"name":"wp","href":"https:\/\/api.w.org\/{rel}","templated":true}]}}