{"id":5398,"date":"2026-03-30T10:52:00","date_gmt":"2026-03-30T10:52:00","guid":{"rendered":"https:\/\/www.fluid.coop\/?post_type=product&#038;p=5398"},"modified":"2026-03-30T10:52:00","modified_gmt":"2026-03-30T10:52:00","slug":"entre-terre-et-mer-verre-couleurs","status":"publish","type":"product","link":"https:\/\/www.fluid.coop\/en\/produit\/entre-terre-et-mer-verre-couleurs\/","title":{"rendered":"Entre Terre et Mer Verre &#038; Couleurs"},"content":{"rendered":"","protected":false},"excerpt":{"rendered":"<p>Chaque sculpture de la collection &#8220;Entre Terre et Mer&#8221; est une pi\u00e8ce unique en verre massif, fa\u00e7onn\u00e9e \u00e0 la main dans notre atelier de Belle-\u00cele-en-Mer. Elle capture l&#8217;\u00e9quilibre subtil entre la puissance des \u00e9l\u00e9ments et la d\u00e9licatesse du verre.<\/p>\n<p>Inspir\u00e9e par l&#8217;oc\u00e9an, ses remous et sa profondeur, ces sculptures \u00e0 poser sont pens\u00e9es comme de v\u00e9ritables tableaux sculpturaux. La mati\u00e8re semble sculpt\u00e9e par les vagues elles-m\u00eames : le mouvement de l&#8217;eau devient texture, la profondeur devient couleur.<\/p>\n<p>Leurs profils, aux contours organiques et abrupts, cr\u00e9ent un relief vivant, presque min\u00e9ral, o\u00f9 la lumi\u00e8re accroche les asp\u00e9rit\u00e9s et r\u00e9v\u00e8le toute la richesse du verre. Chaque pi\u00e8ce \u00e9volue selon la lumi\u00e8re et invite \u00e0 la contemplation.<\/p>\n<p>Ancr\u00e9es dans notre territoire insulaire, elles portent en elles une m\u00e9moire du paysage, entre force brute et po\u00e9sie&#8230;<\/p>\n<p>Disponibles en deux tailles et deux variations chromatiques : verre incolore ou bleus oc\u00e9aniques. \u00c0 vous de choisir l&#8217;harmonie qui illuminera votre int\u00e9rieur.<\/p>\n<p><em>Chaque pi\u00e8ce \u00e9tant unique, les nuances et les intensit\u00e9s de couleurs peuvent l\u00e9g\u00e8rement varier.<\/em><\/p>\n<p>&nbsp;<\/p>\n","protected":false},"featured_media":5399,"comment_status":"open","ping_status":"closed","template":"","meta":{"site-sidebar-layout":"default","site-content-layout":"","ast-site-content-layout":"default","site-content-style":"default","site-sidebar-style":"default","ast-global-header-display":"","ast-banner-title-visibility":"","ast-main-header-display":"","ast-hfb-above-header-display":"","ast-hfb-below-header-display":"","ast-hfb-mobile-header-display":"","site-post-title":"","ast-breadcrumbs-content":"","ast-featured-img":"","footer-sml-layout":"","ast-disable-related-posts":"","theme-transparent-header-meta":"default","adv-header-id-meta":"","stick-header-meta":"","header-above-stick-meta":"","header-main-stick-meta":"","header-below-stick-meta":"","astra-migrate-meta-layouts":"set","ast-page-background-enabled":"default","ast-page-background-meta":{"desktop":{"background-color":"var(--ast-global-color-4)","background-image":"","background-repeat":"repeat","background-position":"center center","background-size":"auto","background-attachment":"scroll","background-type":"","background-media":"","overlay-type":"","overlay-color":"","overlay-opacity":"","overlay-gradient":""},"tablet":{"background-color":"","background-image":"","background-repeat":"repeat","background-position":"center center","background-size":"auto","background-attachment":"scroll","background-type":"","background-media":"","overlay-type":"","overlay-color":"","overlay-opacity":"","overlay-gradient":""},"mobile":{"background-color":"","background-image":"","background-repeat":"repeat","background-position":"center center","background-size":"auto","background-attachment":"scroll","background-type":"","background-media":"","overlay-type":"","overlay-color":"","overlay-opacity":"","overlay-gradient":""}},"ast-content-background-meta":{"desktop":{"background-color":"var(--ast-global-color-5)","background-image":"","background-repeat":"repeat","background-position":"center center","background-size":"auto","background-attachment":"scroll","background-type":"","background-media":"","overlay-type":"","overlay-color":"","overlay-opacity":"","overlay-gradient":""},"tablet":{"background-color":"var(--ast-global-color-5)","background-image":"","background-repeat":"repeat","background-position":"center center","background-size":"auto","background-attachment":"scroll","background-type":"","background-media":"","overlay-type":"","overlay-color":"","overlay-opacity":"","overlay-gradient":""},"mobile":{"background-color":"var(--ast-global-color-5)","background-image":"","background-repeat":"repeat","background-position":"center center","background-size":"auto","background-attachment":"scroll","background-type":"","background-media":"","overlay-type":"","overlay-color":"","overlay-opacity":"","overlay-gradient":""}}},"product_brand":[],"product_cat":[42,46],"product_tag":[],"class_list":{"0":"post-5398","1":"product","2":"type-product","3":"status-publish","4":"has-post-thumbnail","6":"product_cat-nouveautes","7":"product_cat-pieces-uniques","8":"desktop-align-left","9":"tablet-align-left","10":"mobile-align-left","12":"first","13":"instock","14":"taxable","15":"shipping-taxable","16":"purchasable","17":"product-type-variable"},"yoast_head":"<!-- This site is optimized with the Yoast SEO plugin v26.7 - https:\/\/yoast.com\/wordpress\/plugins\/seo\/ -->\n<title>Entre Terre et Mer Verre &amp; Couleurs - Flu\u00efd, souffleurs de verre \u00e0 Belle-Ile-en-Mer<\/title>\n<meta name=\"description\" content=\"Chaque sculpture de la collection &quot;Entre Terre et Mer&quot; est une pi\u00e8ce unique en verre massif, fa\u00e7onn\u00e9e \u00e0 la main dans notre atelier de Belle-\u00cele-en-Mer. Elle capture l&#039;\u00e9quilibre subtil entre la puissance des \u00e9l\u00e9ments et la d\u00e9licatesse du geste.\" \/>\n<meta name=\"robots\" content=\"index, follow, max-snippet:-1, max-image-preview:large, max-video-preview:-1\" \/>\n<link rel=\"canonical\" href=\"https:\/\/www.fluid.coop\/produit\/entre-terre-et-mer-verre-couleurs\/\" \/>\n<meta property=\"og:locale\" content=\"en_US\" \/>\n<meta property=\"og:type\" content=\"article\" \/>\n<meta property=\"og:title\" content=\"Entre Terre et Mer Verre &amp; Couleurs - Flu\u00efd, souffleurs de verre \u00e0 Belle-Ile-en-Mer\" \/>\n<meta property=\"og:description\" content=\"Chaque sculpture de la collection &quot;Entre Terre et Mer&quot; est une pi\u00e8ce unique en verre massif, fa\u00e7onn\u00e9e \u00e0 la main dans notre atelier de Belle-\u00cele-en-Mer. Elle capture l&#039;\u00e9quilibre subtil entre la puissance des \u00e9l\u00e9ments et la d\u00e9licatesse du geste.\" \/>\n<meta property=\"og:url\" content=\"https:\/\/www.fluid.coop\/produit\/entre-terre-et-mer-verre-couleurs\/\" \/>\n<meta property=\"og:site_name\" content=\"Flu\u00efd, souffleurs de verre \u00e0 Belle-Ile-en-Mer\" \/>\n<meta property=\"article:publisher\" content=\"https:\/\/www.facebook.com\/fluid.coop\" \/>\n<meta property=\"og:image\" content=\"https:\/\/www.fluid.coop\/wp-content\/uploads\/2026\/03\/ENTRE-TERRE-ET-MER-verre-colore-\u00a9Marc-Baudrillart-scaled.jpg\" \/>\n\t<meta property=\"og:image:width\" content=\"2560\" \/>\n\t<meta property=\"og:image:height\" content=\"1920\" \/>\n\t<meta property=\"og:image:type\" content=\"image\/jpeg\" \/>\n<meta name=\"twitter:card\" content=\"summary_large_image\" \/>\n<meta name=\"twitter:label1\" content=\"Est. reading time\" \/>\n\t<meta name=\"twitter:data1\" content=\"1 minute\" \/>\n<script type=\"application\/ld+json\" class=\"yoast-schema-graph\">{\"@context\":\"https:\/\/schema.org\",\"@graph\":[{\"@type\":\"WebPage\",\"@id\":\"https:\/\/www.fluid.coop\/produit\/entre-terre-et-mer-verre-couleurs\/\",\"url\":\"https:\/\/www.fluid.coop\/produit\/entre-terre-et-mer-verre-couleurs\/\",\"name\":\"Entre Terre et Mer Verre & Couleurs - Flu\u00efd, souffleurs de verre \u00e0 Belle-Ile-en-Mer\",\"isPartOf\":{\"@id\":\"https:\/\/www.fluid.coop\/en\/#website\"},\"primaryImageOfPage\":{\"@id\":\"https:\/\/www.fluid.coop\/produit\/entre-terre-et-mer-verre-couleurs\/#primaryimage\"},\"image\":{\"@id\":\"https:\/\/www.fluid.coop\/produit\/entre-terre-et-mer-verre-couleurs\/#primaryimage\"},\"thumbnailUrl\":\"https:\/\/www.fluid.coop\/wp-content\/uploads\/2026\/03\/ENTRE-TERRE-ET-MER-verre-colore-\u00a9Marc-Baudrillart-scaled.jpg\",\"datePublished\":\"2026-03-30T10:52:00+00:00\",\"description\":\"Chaque sculpture de la collection \\\"Entre Terre et Mer\\\" est une pi\u00e8ce unique en verre massif, fa\u00e7onn\u00e9e \u00e0 la main dans notre atelier de Belle-\u00cele-en-Mer. Elle capture l'\u00e9quilibre subtil entre la puissance des \u00e9l\u00e9ments et la d\u00e9licatesse du geste.\",\"breadcrumb\":{\"@id\":\"https:\/\/www.fluid.coop\/produit\/entre-terre-et-mer-verre-couleurs\/#breadcrumb\"},\"inLanguage\":\"en-US\",\"potentialAction\":[{\"@type\":\"ReadAction\",\"target\":[\"https:\/\/www.fluid.coop\/produit\/entre-terre-et-mer-verre-couleurs\/\"]}]},{\"@type\":\"ImageObject\",\"inLanguage\":\"en-US\",\"@id\":\"https:\/\/www.fluid.coop\/produit\/entre-terre-et-mer-verre-couleurs\/#primaryimage\",\"url\":\"https:\/\/www.fluid.coop\/wp-content\/uploads\/2026\/03\/ENTRE-TERRE-ET-MER-verre-colore-\u00a9Marc-Baudrillart-scaled.jpg\",\"contentUrl\":\"https:\/\/www.fluid.coop\/wp-content\/uploads\/2026\/03\/ENTRE-TERRE-ET-MER-verre-colore-\u00a9Marc-Baudrillart-scaled.jpg\",\"width\":2560,\"height\":1920},{\"@type\":\"BreadcrumbList\",\"@id\":\"https:\/\/www.fluid.coop\/produit\/entre-terre-et-mer-verre-couleurs\/#breadcrumb\",\"itemListElement\":[{\"@type\":\"ListItem\",\"position\":1,\"name\":\"Accueil\",\"item\":\"https:\/\/www.fluid.coop\/en\/home\/\"},{\"@type\":\"ListItem\",\"position\":2,\"name\":\"Produits\",\"item\":\"https:\/\/www.fluid.coop\/shop\/\"},{\"@type\":\"ListItem\",\"position\":3,\"name\":\"Entre Terre et Mer Verre &#038; Couleurs\"}]},{\"@type\":\"WebSite\",\"@id\":\"https:\/\/www.fluid.coop\/en\/#website\",\"url\":\"https:\/\/www.fluid.coop\/en\/\",\"name\":\"Flu\u00efd, souffleurs de verre \u00e0 Belle-\u00cele-en-Mer\",\"description\":\"\",\"publisher\":{\"@id\":\"https:\/\/www.fluid.coop\/en\/#organization\"},\"potentialAction\":[{\"@type\":\"SearchAction\",\"target\":{\"@type\":\"EntryPoint\",\"urlTemplate\":\"https:\/\/www.fluid.coop\/en\/?s={search_term_string}\"},\"query-input\":{\"@type\":\"PropertyValueSpecification\",\"valueRequired\":true,\"valueName\":\"search_term_string\"}}],\"inLanguage\":\"en-US\"},{\"@type\":\"Organization\",\"@id\":\"https:\/\/www.fluid.coop\/en\/#organization\",\"name\":\"Flu\u00efd, souffleurs de verre \u00e0 Belle-Ile-en-Mer\",\"url\":\"https:\/\/www.fluid.coop\/en\/\",\"logo\":{\"@type\":\"ImageObject\",\"inLanguage\":\"en-US\",\"@id\":\"https:\/\/www.fluid.coop\/en\/#\/schema\/logo\/image\/\",\"url\":\"https:\/\/www.fluid.coop\/wp-content\/uploads\/2022\/02\/logofluid.jpg\",\"contentUrl\":\"https:\/\/www.fluid.coop\/wp-content\/uploads\/2022\/02\/logofluid.jpg\",\"width\":1181,\"height\":1181,\"caption\":\"Flu\u00efd, souffleurs de verre \u00e0 Belle-Ile-en-Mer\"},\"image\":{\"@id\":\"https:\/\/www.fluid.coop\/en\/#\/schema\/logo\/image\/\"},\"sameAs\":[\"https:\/\/www.facebook.com\/fluid.coop\",\"https:\/\/www.instagram.com\/fluid.coop\/\"]}]}<\/script>\n<!-- \/ Yoast SEO plugin. -->","yoast_head_json":{"title":"Entre Terre et Mer Verre & Couleurs - Flu\u00efd, souffleurs de verre \u00e0 Belle-Ile-en-Mer","description":"Chaque sculpture de la collection \"Entre Terre et Mer\" est une pi\u00e8ce unique en verre massif, fa\u00e7onn\u00e9e \u00e0 la main dans notre atelier de Belle-\u00cele-en-Mer. Elle capture l'\u00e9quilibre subtil entre la puissance des \u00e9l\u00e9ments et la d\u00e9licatesse du geste.","robots":{"index":"index","follow":"follow","max-snippet":"max-snippet:-1","max-image-preview":"max-image-preview:large","max-video-preview":"max-video-preview:-1"},"canonical":"https:\/\/www.fluid.coop\/produit\/entre-terre-et-mer-verre-couleurs\/","og_locale":"en_US","og_type":"article","og_title":"Entre Terre et Mer Verre & Couleurs - Flu\u00efd, souffleurs de verre \u00e0 Belle-Ile-en-Mer","og_description":"Chaque sculpture de la collection \"Entre Terre et Mer\" est une pi\u00e8ce unique en verre massif, fa\u00e7onn\u00e9e \u00e0 la main dans notre atelier de Belle-\u00cele-en-Mer. Elle capture l'\u00e9quilibre subtil entre la puissance des \u00e9l\u00e9ments et la d\u00e9licatesse du geste.","og_url":"https:\/\/www.fluid.coop\/produit\/entre-terre-et-mer-verre-couleurs\/","og_site_name":"Flu\u00efd, souffleurs de verre \u00e0 Belle-Ile-en-Mer","article_publisher":"https:\/\/www.facebook.com\/fluid.coop","og_image":[{"width":2560,"height":1920,"url":"https:\/\/www.fluid.coop\/wp-content\/uploads\/2026\/03\/ENTRE-TERRE-ET-MER-verre-colore-\u00a9Marc-Baudrillart-scaled.jpg","type":"image\/jpeg"}],"twitter_card":"summary_large_image","twitter_misc":{"Est. reading time":"1 minute"},"schema":{"@context":"https:\/\/schema.org","@graph":[{"@type":"WebPage","@id":"https:\/\/www.fluid.coop\/produit\/entre-terre-et-mer-verre-couleurs\/","url":"https:\/\/www.fluid.coop\/produit\/entre-terre-et-mer-verre-couleurs\/","name":"Entre Terre et Mer Verre & Couleurs - Flu\u00efd, souffleurs de verre \u00e0 Belle-Ile-en-Mer","isPartOf":{"@id":"https:\/\/www.fluid.coop\/en\/#website"},"primaryImageOfPage":{"@id":"https:\/\/www.fluid.coop\/produit\/entre-terre-et-mer-verre-couleurs\/#primaryimage"},"image":{"@id":"https:\/\/www.fluid.coop\/produit\/entre-terre-et-mer-verre-couleurs\/#primaryimage"},"thumbnailUrl":"https:\/\/www.fluid.coop\/wp-content\/uploads\/2026\/03\/ENTRE-TERRE-ET-MER-verre-colore-\u00a9Marc-Baudrillart-scaled.jpg","datePublished":"2026-03-30T10:52:00+00:00","description":"Chaque sculpture de la collection \"Entre Terre et Mer\" est une pi\u00e8ce unique en verre massif, fa\u00e7onn\u00e9e \u00e0 la main dans notre atelier de Belle-\u00cele-en-Mer. Elle capture l'\u00e9quilibre subtil entre la puissance des \u00e9l\u00e9ments et la d\u00e9licatesse du geste.","breadcrumb":{"@id":"https:\/\/www.fluid.coop\/produit\/entre-terre-et-mer-verre-couleurs\/#breadcrumb"},"inLanguage":"en-US","potentialAction":[{"@type":"ReadAction","target":["https:\/\/www.fluid.coop\/produit\/entre-terre-et-mer-verre-couleurs\/"]}]},{"@type":"ImageObject","inLanguage":"en-US","@id":"https:\/\/www.fluid.coop\/produit\/entre-terre-et-mer-verre-couleurs\/#primaryimage","url":"https:\/\/www.fluid.coop\/wp-content\/uploads\/2026\/03\/ENTRE-TERRE-ET-MER-verre-colore-\u00a9Marc-Baudrillart-scaled.jpg","contentUrl":"https:\/\/www.fluid.coop\/wp-content\/uploads\/2026\/03\/ENTRE-TERRE-ET-MER-verre-colore-\u00a9Marc-Baudrillart-scaled.jpg","width":2560,"height":1920},{"@type":"BreadcrumbList","@id":"https:\/\/www.fluid.coop\/produit\/entre-terre-et-mer-verre-couleurs\/#breadcrumb","itemListElement":[{"@type":"ListItem","position":1,"name":"Accueil","item":"https:\/\/www.fluid.coop\/en\/home\/"},{"@type":"ListItem","position":2,"name":"Produits","item":"https:\/\/www.fluid.coop\/shop\/"},{"@type":"ListItem","position":3,"name":"Entre Terre et Mer Verre &#038; Couleurs"}]},{"@type":"WebSite","@id":"https:\/\/www.fluid.coop\/en\/#website","url":"https:\/\/www.fluid.coop\/en\/","name":"Flu\u00efd, souffleurs de verre \u00e0 Belle-\u00cele-en-Mer","description":"","publisher":{"@id":"https:\/\/www.fluid.coop\/en\/#organization"},"potentialAction":[{"@type":"SearchAction","target":{"@type":"EntryPoint","urlTemplate":"https:\/\/www.fluid.coop\/en\/?s={search_term_string}"},"query-input":{"@type":"PropertyValueSpecification","valueRequired":true,"valueName":"search_term_string"}}],"inLanguage":"en-US"},{"@type":"Organization","@id":"https:\/\/www.fluid.coop\/en\/#organization","name":"Flu\u00efd, souffleurs de verre \u00e0 Belle-Ile-en-Mer","url":"https:\/\/www.fluid.coop\/en\/","logo":{"@type":"ImageObject","inLanguage":"en-US","@id":"https:\/\/www.fluid.coop\/en\/#\/schema\/logo\/image\/","url":"https:\/\/www.fluid.coop\/wp-content\/uploads\/2022\/02\/logofluid.jpg","contentUrl":"https:\/\/www.fluid.coop\/wp-content\/uploads\/2022\/02\/logofluid.jpg","width":1181,"height":1181,"caption":"Flu\u00efd, souffleurs de verre \u00e0 Belle-Ile-en-Mer"},"image":{"@id":"https:\/\/www.fluid.coop\/en\/#\/schema\/logo\/image\/"},"sameAs":["https:\/\/www.facebook.com\/fluid.coop","https:\/\/www.instagram.com\/fluid.coop\/"]}]}},"_links":{"self":[{"href":"https:\/\/www.fluid.coop\/en\/wp-json\/wp\/v2\/product\/5398","targetHints":{"allow":["GET"]}}],"collection":[{"href":"https:\/\/www.fluid.coop\/en\/wp-json\/wp\/v2\/product"}],"about":[{"href":"https:\/\/www.fluid.coop\/en\/wp-json\/wp\/v2\/types\/product"}],"replies":[{"embeddable":true,"href":"https:\/\/www.fluid.coop\/en\/wp-json\/wp\/v2\/comments?post=5398"}],"wp:featuredmedia":[{"embeddable":true,"href":"https:\/\/www.fluid.coop\/en\/wp-json\/wp\/v2\/media\/5399"}],"wp:attachment":[{"href":"https:\/\/www.fluid.coop\/en\/wp-json\/wp\/v2\/media?parent=5398"}],"wp:term":[{"taxonomy":"product_brand","embeddable":true,"href":"https:\/\/www.fluid.coop\/en\/wp-json\/wp\/v2\/product_brand?post=5398"},{"taxonomy":"product_cat","embeddable":true,"href":"https:\/\/www.fluid.coop\/en\/wp-json\/wp\/v2\/product_cat?post=5398"},{"taxonomy":"product_tag","embeddable":true,"href":"https:\/\/www.fluid.coop\/en\/wp-json\/wp\/v2\/product_tag?post=5398"}],"curies":[{"name":"wp","href":"https:\/\/api.w.org\/{rel}","templated":true}]}}