{"id":5425,"date":"2026-03-30T10:58:25","date_gmt":"2026-03-30T10:58:25","guid":{"rendered":"https:\/\/www.fluid.coop\/?post_type=product&#038;p=5425"},"modified":"2026-03-30T14:44:43","modified_gmt":"2026-03-30T14:44:43","slug":"entre-terre-et-mer-verre-schiste","status":"publish","type":"product","link":"https:\/\/www.fluid.coop\/en\/produit\/entre-terre-et-mer-verre-schiste\/","title":{"rendered":"Entre Terre et Mer Verre &#038; Schiste"},"content":{"rendered":"","protected":false},"excerpt":{"rendered":"<p>Chaque sculpture de la collection &#8220;Entre Terre et Mer&#8221; est une pi\u00e8ce unique en verre massif, fa\u00e7onn\u00e9e \u00e0 la main dans notre atelier de Belle-\u00cele-en-Mer. Elle capture l&#8217;\u00e9quilibre subtil entre la puissance des \u00e9l\u00e9ments et la d\u00e9licatesse du verre, en associant la transparence et la l\u00e9g\u00e8ret\u00e9 du verre massif \u00e0 la force brute et min\u00e9rale du schiste, roche embl\u00e9matique de notre \u00eele.<\/p>\n<p>Inspir\u00e9e par l&#8217;oc\u00e9an et le littoral, ces cr\u00e9ations sont pens\u00e9es comme de v\u00e9ritables tableaux sculpturaux. Les contours abrupts et organiques, associ\u00e9s aux textures naturelle de la pierre, cr\u00e9ent un relief vivant o\u00f9 la lumi\u00e8re se joue des surfaces et r\u00e9v\u00e8le toute la richesse du mat\u00e9riau.<\/p>\n<p>Chaque pi\u00e8ce est unique et porte en elle une m\u00e9moire du paysage insulaire, entre puissance min\u00e9rale et fluidit\u00e9 du verre. Elles invitent \u00e0 la contemplation, comme un fragment de nature transform\u00e9 en \u0153uvre d&#8217;art.<\/p>\n<p>Disponibles en trois formats.<\/p>\n<p><em>Chaque pi\u00e8ce \u00e9tant unique, de l\u00e9g\u00e8res variations de forme et de texture peuvent exister.<\/em><\/p>\n","protected":false},"featured_media":5430,"comment_status":"open","ping_status":"closed","template":"","meta":{"site-sidebar-layout":"default","site-content-layout":"","ast-site-content-layout":"default","site-content-style":"default","site-sidebar-style":"default","ast-global-header-display":"","ast-banner-title-visibility":"","ast-main-header-display":"","ast-hfb-above-header-display":"","ast-hfb-below-header-display":"","ast-hfb-mobile-header-display":"","site-post-title":"","ast-breadcrumbs-content":"","ast-featured-img":"","footer-sml-layout":"","ast-disable-related-posts":"","theme-transparent-header-meta":"default","adv-header-id-meta":"","stick-header-meta":"","header-above-stick-meta":"","header-main-stick-meta":"","header-below-stick-meta":"","astra-migrate-meta-layouts":"set","ast-page-background-enabled":"default","ast-page-background-meta":{"desktop":{"background-color":"var(--ast-global-color-4)","background-image":"","background-repeat":"repeat","background-position":"center center","background-size":"auto","background-attachment":"scroll","background-type":"","background-media":"","overlay-type":"","overlay-color":"","overlay-opacity":"","overlay-gradient":""},"tablet":{"background-color":"","background-image":"","background-repeat":"repeat","background-position":"center center","background-size":"auto","background-attachment":"scroll","background-type":"","background-media":"","overlay-type":"","overlay-color":"","overlay-opacity":"","overlay-gradient":""},"mobile":{"background-color":"","background-image":"","background-repeat":"repeat","background-position":"center center","background-size":"auto","background-attachment":"scroll","background-type":"","background-media":"","overlay-type":"","overlay-color":"","overlay-opacity":"","overlay-gradient":""}},"ast-content-background-meta":{"desktop":{"background-color":"var(--ast-global-color-5)","background-image":"","background-repeat":"repeat","background-position":"center center","background-size":"auto","background-attachment":"scroll","background-type":"","background-media":"","overlay-type":"","overlay-color":"","overlay-opacity":"","overlay-gradient":""},"tablet":{"background-color":"var(--ast-global-color-5)","background-image":"","background-repeat":"repeat","background-position":"center center","background-size":"auto","background-attachment":"scroll","background-type":"","background-media":"","overlay-type":"","overlay-color":"","overlay-opacity":"","overlay-gradient":""},"mobile":{"background-color":"var(--ast-global-color-5)","background-image":"","background-repeat":"repeat","background-position":"center center","background-size":"auto","background-attachment":"scroll","background-type":"","background-media":"","overlay-type":"","overlay-color":"","overlay-opacity":"","overlay-gradient":""}}},"product_brand":[],"product_cat":[42,46],"product_tag":[],"class_list":{"0":"post-5425","1":"product","2":"type-product","3":"status-publish","4":"has-post-thumbnail","6":"product_cat-nouveautes","7":"product_cat-pieces-uniques","8":"desktop-align-left","9":"tablet-align-left","10":"mobile-align-left","12":"first","13":"instock","14":"taxable","15":"shipping-taxable","16":"purchasable","17":"product-type-variable"},"yoast_head":"<!-- This site is optimized with the Yoast SEO plugin v26.7 - https:\/\/yoast.com\/wordpress\/plugins\/seo\/ -->\n<title>Entre Terre et Mer Verre &amp; Schiste - Flu\u00efd, souffleurs de verre \u00e0 Belle-Ile-en-Mer<\/title>\n<meta name=\"description\" content=\"Chaque sculpture de la collection &quot;Entre Terre et Mer&quot; est une pi\u00e8ce unique en verre massif, fa\u00e7onn\u00e9e \u00e0 la main dans notre atelier de Belle-\u00cele-en-Mer. Elle capture l&#039;\u00e9quilibre subtil entre la puissance des \u00e9l\u00e9ments et la d\u00e9licatesse du geste.\" \/>\n<meta name=\"robots\" content=\"index, follow, max-snippet:-1, max-image-preview:large, max-video-preview:-1\" \/>\n<link rel=\"canonical\" href=\"https:\/\/www.fluid.coop\/produit\/entre-terre-et-mer-verre-schiste\/\" \/>\n<meta property=\"og:locale\" content=\"en_US\" \/>\n<meta property=\"og:type\" content=\"article\" \/>\n<meta property=\"og:title\" content=\"Entre Terre et Mer Verre &amp; Schiste - Flu\u00efd, souffleurs de verre \u00e0 Belle-Ile-en-Mer\" \/>\n<meta property=\"og:description\" content=\"Chaque sculpture de la collection &quot;Entre Terre et Mer&quot; est une pi\u00e8ce unique en verre massif, fa\u00e7onn\u00e9e \u00e0 la main dans notre atelier de Belle-\u00cele-en-Mer. Elle capture l&#039;\u00e9quilibre subtil entre la puissance des \u00e9l\u00e9ments et la d\u00e9licatesse du geste.\" \/>\n<meta property=\"og:url\" content=\"https:\/\/www.fluid.coop\/produit\/entre-terre-et-mer-verre-schiste\/\" \/>\n<meta property=\"og:site_name\" content=\"Flu\u00efd, souffleurs de verre \u00e0 Belle-Ile-en-Mer\" \/>\n<meta property=\"article:publisher\" content=\"https:\/\/www.facebook.com\/fluid.coop\" \/>\n<meta property=\"article:modified_time\" content=\"2026-03-30T14:44:43+00:00\" \/>\n<meta property=\"og:image\" content=\"https:\/\/www.fluid.coop\/wp-content\/uploads\/2026\/03\/ENTRE-TERRE-ET-MER-\u00a9Marc-Baudrillart-scaled.jpg\" \/>\n\t<meta property=\"og:image:width\" content=\"1920\" \/>\n\t<meta property=\"og:image:height\" content=\"2560\" \/>\n\t<meta property=\"og:image:type\" content=\"image\/jpeg\" \/>\n<meta name=\"twitter:card\" content=\"summary_large_image\" \/>\n<meta name=\"twitter:label1\" content=\"Est. reading time\" \/>\n\t<meta name=\"twitter:data1\" content=\"1 minute\" \/>\n<script type=\"application\/ld+json\" class=\"yoast-schema-graph\">{\"@context\":\"https:\/\/schema.org\",\"@graph\":[{\"@type\":\"WebPage\",\"@id\":\"https:\/\/www.fluid.coop\/produit\/entre-terre-et-mer-verre-schiste\/\",\"url\":\"https:\/\/www.fluid.coop\/produit\/entre-terre-et-mer-verre-schiste\/\",\"name\":\"Entre Terre et Mer Verre & Schiste - Flu\u00efd, souffleurs de verre \u00e0 Belle-Ile-en-Mer\",\"isPartOf\":{\"@id\":\"https:\/\/www.fluid.coop\/en\/#website\"},\"primaryImageOfPage\":{\"@id\":\"https:\/\/www.fluid.coop\/produit\/entre-terre-et-mer-verre-schiste\/#primaryimage\"},\"image\":{\"@id\":\"https:\/\/www.fluid.coop\/produit\/entre-terre-et-mer-verre-schiste\/#primaryimage\"},\"thumbnailUrl\":\"https:\/\/www.fluid.coop\/wp-content\/uploads\/2026\/03\/ENTRE-TERRE-ET-MER-\u00a9Marc-Baudrillart-scaled.jpg\",\"datePublished\":\"2026-03-30T10:58:25+00:00\",\"dateModified\":\"2026-03-30T14:44:43+00:00\",\"description\":\"Chaque sculpture de la collection \\\"Entre Terre et Mer\\\" est une pi\u00e8ce unique en verre massif, fa\u00e7onn\u00e9e \u00e0 la main dans notre atelier de Belle-\u00cele-en-Mer. Elle capture l'\u00e9quilibre subtil entre la puissance des \u00e9l\u00e9ments et la d\u00e9licatesse du geste.\",\"breadcrumb\":{\"@id\":\"https:\/\/www.fluid.coop\/produit\/entre-terre-et-mer-verre-schiste\/#breadcrumb\"},\"inLanguage\":\"en-US\",\"potentialAction\":[{\"@type\":\"ReadAction\",\"target\":[\"https:\/\/www.fluid.coop\/produit\/entre-terre-et-mer-verre-schiste\/\"]}]},{\"@type\":\"ImageObject\",\"inLanguage\":\"en-US\",\"@id\":\"https:\/\/www.fluid.coop\/produit\/entre-terre-et-mer-verre-schiste\/#primaryimage\",\"url\":\"https:\/\/www.fluid.coop\/wp-content\/uploads\/2026\/03\/ENTRE-TERRE-ET-MER-\u00a9Marc-Baudrillart-scaled.jpg\",\"contentUrl\":\"https:\/\/www.fluid.coop\/wp-content\/uploads\/2026\/03\/ENTRE-TERRE-ET-MER-\u00a9Marc-Baudrillart-scaled.jpg\",\"width\":1920,\"height\":2560},{\"@type\":\"BreadcrumbList\",\"@id\":\"https:\/\/www.fluid.coop\/produit\/entre-terre-et-mer-verre-schiste\/#breadcrumb\",\"itemListElement\":[{\"@type\":\"ListItem\",\"position\":1,\"name\":\"Accueil\",\"item\":\"https:\/\/www.fluid.coop\/en\/home\/\"},{\"@type\":\"ListItem\",\"position\":2,\"name\":\"Produits\",\"item\":\"https:\/\/www.fluid.coop\/shop\/\"},{\"@type\":\"ListItem\",\"position\":3,\"name\":\"Entre Terre et Mer Verre &#038; Schiste\"}]},{\"@type\":\"WebSite\",\"@id\":\"https:\/\/www.fluid.coop\/en\/#website\",\"url\":\"https:\/\/www.fluid.coop\/en\/\",\"name\":\"Flu\u00efd, souffleurs de verre \u00e0 Belle-\u00cele-en-Mer\",\"description\":\"\",\"publisher\":{\"@id\":\"https:\/\/www.fluid.coop\/en\/#organization\"},\"potentialAction\":[{\"@type\":\"SearchAction\",\"target\":{\"@type\":\"EntryPoint\",\"urlTemplate\":\"https:\/\/www.fluid.coop\/en\/?s={search_term_string}\"},\"query-input\":{\"@type\":\"PropertyValueSpecification\",\"valueRequired\":true,\"valueName\":\"search_term_string\"}}],\"inLanguage\":\"en-US\"},{\"@type\":\"Organization\",\"@id\":\"https:\/\/www.fluid.coop\/en\/#organization\",\"name\":\"Flu\u00efd, souffleurs de verre \u00e0 Belle-Ile-en-Mer\",\"url\":\"https:\/\/www.fluid.coop\/en\/\",\"logo\":{\"@type\":\"ImageObject\",\"inLanguage\":\"en-US\",\"@id\":\"https:\/\/www.fluid.coop\/en\/#\/schema\/logo\/image\/\",\"url\":\"https:\/\/www.fluid.coop\/wp-content\/uploads\/2022\/02\/logofluid.jpg\",\"contentUrl\":\"https:\/\/www.fluid.coop\/wp-content\/uploads\/2022\/02\/logofluid.jpg\",\"width\":1181,\"height\":1181,\"caption\":\"Flu\u00efd, souffleurs de verre \u00e0 Belle-Ile-en-Mer\"},\"image\":{\"@id\":\"https:\/\/www.fluid.coop\/en\/#\/schema\/logo\/image\/\"},\"sameAs\":[\"https:\/\/www.facebook.com\/fluid.coop\",\"https:\/\/www.instagram.com\/fluid.coop\/\"]}]}<\/script>\n<!-- \/ Yoast SEO plugin. -->","yoast_head_json":{"title":"Entre Terre et Mer Verre & Schiste - Flu\u00efd, souffleurs de verre \u00e0 Belle-Ile-en-Mer","description":"Chaque sculpture de la collection \"Entre Terre et Mer\" est une pi\u00e8ce unique en verre massif, fa\u00e7onn\u00e9e \u00e0 la main dans notre atelier de Belle-\u00cele-en-Mer. Elle capture l'\u00e9quilibre subtil entre la puissance des \u00e9l\u00e9ments et la d\u00e9licatesse du geste.","robots":{"index":"index","follow":"follow","max-snippet":"max-snippet:-1","max-image-preview":"max-image-preview:large","max-video-preview":"max-video-preview:-1"},"canonical":"https:\/\/www.fluid.coop\/produit\/entre-terre-et-mer-verre-schiste\/","og_locale":"en_US","og_type":"article","og_title":"Entre Terre et Mer Verre & Schiste - Flu\u00efd, souffleurs de verre \u00e0 Belle-Ile-en-Mer","og_description":"Chaque sculpture de la collection \"Entre Terre et Mer\" est une pi\u00e8ce unique en verre massif, fa\u00e7onn\u00e9e \u00e0 la main dans notre atelier de Belle-\u00cele-en-Mer. Elle capture l'\u00e9quilibre subtil entre la puissance des \u00e9l\u00e9ments et la d\u00e9licatesse du geste.","og_url":"https:\/\/www.fluid.coop\/produit\/entre-terre-et-mer-verre-schiste\/","og_site_name":"Flu\u00efd, souffleurs de verre \u00e0 Belle-Ile-en-Mer","article_publisher":"https:\/\/www.facebook.com\/fluid.coop","article_modified_time":"2026-03-30T14:44:43+00:00","og_image":[{"width":1920,"height":2560,"url":"https:\/\/www.fluid.coop\/wp-content\/uploads\/2026\/03\/ENTRE-TERRE-ET-MER-\u00a9Marc-Baudrillart-scaled.jpg","type":"image\/jpeg"}],"twitter_card":"summary_large_image","twitter_misc":{"Est. reading time":"1 minute"},"schema":{"@context":"https:\/\/schema.org","@graph":[{"@type":"WebPage","@id":"https:\/\/www.fluid.coop\/produit\/entre-terre-et-mer-verre-schiste\/","url":"https:\/\/www.fluid.coop\/produit\/entre-terre-et-mer-verre-schiste\/","name":"Entre Terre et Mer Verre & Schiste - Flu\u00efd, souffleurs de verre \u00e0 Belle-Ile-en-Mer","isPartOf":{"@id":"https:\/\/www.fluid.coop\/en\/#website"},"primaryImageOfPage":{"@id":"https:\/\/www.fluid.coop\/produit\/entre-terre-et-mer-verre-schiste\/#primaryimage"},"image":{"@id":"https:\/\/www.fluid.coop\/produit\/entre-terre-et-mer-verre-schiste\/#primaryimage"},"thumbnailUrl":"https:\/\/www.fluid.coop\/wp-content\/uploads\/2026\/03\/ENTRE-TERRE-ET-MER-\u00a9Marc-Baudrillart-scaled.jpg","datePublished":"2026-03-30T10:58:25+00:00","dateModified":"2026-03-30T14:44:43+00:00","description":"Chaque sculpture de la collection \"Entre Terre et Mer\" est une pi\u00e8ce unique en verre massif, fa\u00e7onn\u00e9e \u00e0 la main dans notre atelier de Belle-\u00cele-en-Mer. Elle capture l'\u00e9quilibre subtil entre la puissance des \u00e9l\u00e9ments et la d\u00e9licatesse du geste.","breadcrumb":{"@id":"https:\/\/www.fluid.coop\/produit\/entre-terre-et-mer-verre-schiste\/#breadcrumb"},"inLanguage":"en-US","potentialAction":[{"@type":"ReadAction","target":["https:\/\/www.fluid.coop\/produit\/entre-terre-et-mer-verre-schiste\/"]}]},{"@type":"ImageObject","inLanguage":"en-US","@id":"https:\/\/www.fluid.coop\/produit\/entre-terre-et-mer-verre-schiste\/#primaryimage","url":"https:\/\/www.fluid.coop\/wp-content\/uploads\/2026\/03\/ENTRE-TERRE-ET-MER-\u00a9Marc-Baudrillart-scaled.jpg","contentUrl":"https:\/\/www.fluid.coop\/wp-content\/uploads\/2026\/03\/ENTRE-TERRE-ET-MER-\u00a9Marc-Baudrillart-scaled.jpg","width":1920,"height":2560},{"@type":"BreadcrumbList","@id":"https:\/\/www.fluid.coop\/produit\/entre-terre-et-mer-verre-schiste\/#breadcrumb","itemListElement":[{"@type":"ListItem","position":1,"name":"Accueil","item":"https:\/\/www.fluid.coop\/en\/home\/"},{"@type":"ListItem","position":2,"name":"Produits","item":"https:\/\/www.fluid.coop\/shop\/"},{"@type":"ListItem","position":3,"name":"Entre Terre et Mer Verre &#038; Schiste"}]},{"@type":"WebSite","@id":"https:\/\/www.fluid.coop\/en\/#website","url":"https:\/\/www.fluid.coop\/en\/","name":"Flu\u00efd, souffleurs de verre \u00e0 Belle-\u00cele-en-Mer","description":"","publisher":{"@id":"https:\/\/www.fluid.coop\/en\/#organization"},"potentialAction":[{"@type":"SearchAction","target":{"@type":"EntryPoint","urlTemplate":"https:\/\/www.fluid.coop\/en\/?s={search_term_string}"},"query-input":{"@type":"PropertyValueSpecification","valueRequired":true,"valueName":"search_term_string"}}],"inLanguage":"en-US"},{"@type":"Organization","@id":"https:\/\/www.fluid.coop\/en\/#organization","name":"Flu\u00efd, souffleurs de verre \u00e0 Belle-Ile-en-Mer","url":"https:\/\/www.fluid.coop\/en\/","logo":{"@type":"ImageObject","inLanguage":"en-US","@id":"https:\/\/www.fluid.coop\/en\/#\/schema\/logo\/image\/","url":"https:\/\/www.fluid.coop\/wp-content\/uploads\/2022\/02\/logofluid.jpg","contentUrl":"https:\/\/www.fluid.coop\/wp-content\/uploads\/2022\/02\/logofluid.jpg","width":1181,"height":1181,"caption":"Flu\u00efd, souffleurs de verre \u00e0 Belle-Ile-en-Mer"},"image":{"@id":"https:\/\/www.fluid.coop\/en\/#\/schema\/logo\/image\/"},"sameAs":["https:\/\/www.facebook.com\/fluid.coop","https:\/\/www.instagram.com\/fluid.coop\/"]}]}},"_links":{"self":[{"href":"https:\/\/www.fluid.coop\/en\/wp-json\/wp\/v2\/product\/5425","targetHints":{"allow":["GET"]}}],"collection":[{"href":"https:\/\/www.fluid.coop\/en\/wp-json\/wp\/v2\/product"}],"about":[{"href":"https:\/\/www.fluid.coop\/en\/wp-json\/wp\/v2\/types\/product"}],"replies":[{"embeddable":true,"href":"https:\/\/www.fluid.coop\/en\/wp-json\/wp\/v2\/comments?post=5425"}],"wp:featuredmedia":[{"embeddable":true,"href":"https:\/\/www.fluid.coop\/en\/wp-json\/wp\/v2\/media\/5430"}],"wp:attachment":[{"href":"https:\/\/www.fluid.coop\/en\/wp-json\/wp\/v2\/media?parent=5425"}],"wp:term":[{"taxonomy":"product_brand","embeddable":true,"href":"https:\/\/www.fluid.coop\/en\/wp-json\/wp\/v2\/product_brand?post=5425"},{"taxonomy":"product_cat","embeddable":true,"href":"https:\/\/www.fluid.coop\/en\/wp-json\/wp\/v2\/product_cat?post=5425"},{"taxonomy":"product_tag","embeddable":true,"href":"https:\/\/www.fluid.coop\/en\/wp-json\/wp\/v2\/product_tag?post=5425"}],"curies":[{"name":"wp","href":"https:\/\/api.w.org\/{rel}","templated":true}]}}